{"id":2323,"date":"2017-10-06T17:38:13","date_gmt":"2017-10-06T17:38:13","guid":{"rendered":"https:\/\/myhometheme.net\/default\/?page_id=2323"},"modified":"2021-01-06T12:02:00","modified_gmt":"2021-01-06T12:02:00","slug":"tapu-title-deed","status":"publish","type":"page","link":"https:\/\/operaproperty.com\/tr\/services\/tapu-title-deed\/","title":{"rendered":"Tapu"},"content":{"rendered":"<p>[vc_row][vc_column width=&#8221;1\/3&#8243;][vc_single_image image=&#8221;3485&#8243; img_size=&#8221;medium&#8221; onclick=&#8221;link_image&#8221;][\/vc_column][vc_column width=&#8221;2\/3&#8243;]<div class=\"mh-heading-wrapper--left \">\r\n\t\r\n        <div class=\"mh-heading-wrapper\">\r\n            <h4            class=\"mh-heading  mh-heading--bottom-separator   \"\r\n            style=\"font-weight:700;\">\r\n\t\t\tTapu Senedi        <\/h4>\r\n\r\n\t\t    <\/div>\r\n\r\n\t<\/div>[vc_column_text]T\u00fcrkiye&#8217;de gayrimenkul sahibi oldu\u011funu teyit eden belgeye Tapu deniyor.<\/p>\n<p>Tapu Senedinin pembe ve mavi renklerde olmas\u0131 tapu senedinin hangi ama\u00e7la verildi\u011fini g\u00f6sterir.<\/p>\n<p>Tapu, bir arsan\u0131n ya da in\u015faat\u0131n, yap\u0131lm\u0131\u015f bir m\u00fclk\u00fcn ba\u011f\u0131ms\u0131z b\u00f6l\u00fcmlerinin maliklerini g\u00f6steren Tapu Sicil M\u00fcd\u00fcrl\u00fc\u011f\u00fc taraf\u0131ndan verilmi\u015f, ge\u00e7erli resmi belgeye verilen add\u0131r. Tapu senedi olarak da an\u0131l\u0131r.[\/vc_column_text][\/vc_column][\/vc_row][vc_row][vc_column][vc_column_text]Tapu senedi, gayrimenkule ait m\u00fclkiyet hakk\u0131n\u0131n ispat\u0131 i\u00e7in gerekli olan belgedir.<\/p>\n<p>Gayrimenkul\u00fcn sahibi olan ki\u015fi, sahibi oldu\u011fu yerin alt, \u00fcst ve kaynaklar\u0131n\u0131 kullanma hakk\u0131na da sahip olur. Bu hak, \u201cm\u00fclkiyet hakk\u0131\u201d olarak ifade edilir.<\/p>\n<p>Tapu senetleri; kat irtifak\u0131, m\u00fclkiyeti, devre m\u00fclk hakk\u0131n\u0131 g\u00f6stermekle olup, birbiriyle renkleri hari\u00e7 g\u00f6r\u00fcnt\u00fc olarak ayn\u0131d\u0131r. Renkleri pembe ve mavi olarak iki \u015fekilde d\u00fczenlenmektedir.<\/p>\n<p>Pembe renkte olan senet; s\u00f6z konusu m\u00fclk\u00fcn in\u015faat ruhsat\u0131 sonras\u0131 ba\u011f\u0131ms\u0131z b\u00f6l\u00fcmlerini g\u00f6steren projesinin onayland\u0131\u011f\u0131n\u0131, m\u00fclkiyetin kullan\u0131m alanlar\u0131 ve bu alanlar\u0131n hisselerinin belirli oldu\u011funu simgeler.<\/p>\n<p>Mavi renkte olan senet; m\u00fclk\u00fcn herhangi bir kat m\u00fclkiyetine ge\u00e7medi\u011fini, arsa tapusu oldu\u011funu simgeler. Gayrimenkul \u00fczerinde bulunan bir ipotek, haciz gibi s\u0131n\u0131rlamalar var ise mavi tapu senedinde g\u00f6r\u00fclmez. Bu tarz bilgilere eri\u015fmek i\u00e7in tapu k\u00fct\u00fc\u011f\u00fcne bak\u0131lmas\u0131 gereklidir.[\/vc_column_text][\/vc_column][\/vc_row][vc_row][vc_column][vc_column_text]Tapu a\u015fa\u011f\u0131daki bilgileri i\u00e7erir:<\/p>\n<ul>\n<li>ta\u015f\u0131nmaz\u0131n bulundu\u011fu arsan\u0131n adresi ve numaras\u0131<\/li>\n<li>sahibinin foto\u011fraf\u0131<\/li>\n<li>M\u00fclk Sahibi Bilgileri<\/li>\n<li>sahibi taraf\u0131ndan sat\u0131n alma tarihi<\/li>\n<li>Kadastro B\u00fcrosunda bir arsan\u0131n tescili hakk\u0131nda bilgi<\/li>\n<li>gayrimenkul t\u00fcr\u00fc (arsa, bina vb.)<\/li>\n<li>emlak durumu (ayr\u0131 nesne, nesnenin par\u00e7as\u0131, payla\u015f\u0131m kullan\u0131m\u0131)<\/li>\n<li>seri numaras\u0131 ve kay\u0131t verileri TAPU<\/li>\n<li>arazi alan\u0131 (edinilen konutun b\u00fcy\u00fckl\u00fc\u011f\u00fc ile orant\u0131l\u0131)<\/li>\n<li>sat\u0131n al\u0131nan m\u00fclk\u00fcn de\u011feri<\/li>\n<li>yetkili ki\u015finin imzas\u0131 ve kadastro dairesinin m\u00fchr\u00fc vb.<\/li>\n<\/ul>\n<p>[\/vc_column_text][\/vc_column][\/vc_row]<\/p>","protected":false},"excerpt":{"rendered":"<p>[vc_row][vc_column width=&#8221;1\/3&#8243;][vc_single_image image=&#8221;3485&#8243; img_size=&#8221;medium&#8221; onclick=&#8221;link_image&#8221;][\/vc_column][vc_column width=&#8221;2\/3&#8243;][vc_column_text]T\u00fcrkiye&#8217;de gayrimenkul sahibi oldu\u011funu teyit eden belgeye Tapu deniyor. Tapu Senedinin pembe ve mavi renklerde olmas\u0131 tapu senedinin hangi ama\u00e7la verildi\u011fini g\u00f6sterir. Tapu, bir arsan\u0131n ya da in\u015faat\u0131n, yap\u0131lm\u0131\u015f bir m\u00fclk\u00fcn ba\u011f\u0131ms\u0131z b\u00f6l\u00fcmlerinin maliklerini g\u00f6steren Tapu Sicil M\u00fcd\u00fcrl\u00fc\u011f\u00fc taraf\u0131ndan verilmi\u015f, ge\u00e7erli resmi belgeye verilen add\u0131r. Tapu senedi olarak da an\u0131l\u0131r.[\/vc_column_text][\/vc_column][\/vc_row][vc_row][vc_column][vc_column_text]Tapu [&hellip;]<\/p>\n","protected":false},"author":1,"featured_media":3485,"parent":2708,"menu_order":0,"comment_status":"closed","ping_status":"closed","template":"page_right-sidebar-with-top-title.php","meta":[],"_links":{"self":[{"href":"https:\/\/operaproperty.com\/tr\/wp-json\/wp\/v2\/pages\/2323"}],"collection":[{"href":"https:\/\/operaproperty.com\/tr\/wp-json\/wp\/v2\/pages"}],"about":[{"href":"https:\/\/operaproperty.com\/tr\/wp-json\/wp\/v2\/types\/page"}],"author":[{"embeddable":true,"href":"https:\/\/operaproperty.com\/tr\/wp-json\/wp\/v2\/users\/1"}],"replies":[{"embeddable":true,"href":"https:\/\/operaproperty.com\/tr\/wp-json\/wp\/v2\/comments?post=2323"}],"version-history":[{"count":4,"href":"https:\/\/operaproperty.com\/tr\/wp-json\/wp\/v2\/pages\/2323\/revisions"}],"predecessor-version":[{"id":3660,"href":"https:\/\/operaproperty.com\/tr\/wp-json\/wp\/v2\/pages\/2323\/revisions\/3660"}],"up":[{"embeddable":true,"href":"https:\/\/operaproperty.com\/tr\/wp-json\/wp\/v2\/pages\/2708"}],"wp:featuredmedia":[{"embeddable":true,"href":"https:\/\/operaproperty.com\/tr\/wp-json\/wp\/v2\/media\/3485"}],"wp:attachment":[{"href":"https:\/\/operaproperty.com\/tr\/wp-json\/wp\/v2\/media?parent=2323"}],"curies":[{"name":"wp","href":"https:\/\/api.w.org\/{rel}","templated":true}]}}