{"id":20180,"date":"2021-04-24T11:52:02","date_gmt":"2021-04-24T11:52:02","guid":{"rendered":"https:\/\/operaproperty.com\/?page_id=20180"},"modified":"2022-01-18T09:57:33","modified_gmt":"2022-01-18T09:57:33","slug":"consulting","status":"publish","type":"page","link":"https:\/\/operaproperty.com\/tr\/consulting\/","title":{"rendered":"Dan\u0131\u015fmanl\u0131k"},"content":{"rendered":"<p><\/p>\n<blockquote><p><em>M\u00fc\u015fterilerimizle ortakla\u015fa karl\u0131 gayrimenkul projelerini hayata ge\u00e7irece\u011fiz<\/em><\/p><\/blockquote>\n<p>T\u00fcrkiye pazar\u0131ndaki kapsaml\u0131 deneyim, emlak piyasas\u0131n\u0131n tarihi bilgisi, piyasan\u0131n d\u00fczenli olarak izlenmesi Opera m\u00fclklerinin Alanya&#8217;da benzersiz gayrimenkul projeleri ger\u00e7ekle\u015ftirmesine olanak tan\u0131r. \u00c7ok basit: bir strateji geli\u015ftiriyoruz, b\u00fct\u00e7enizi tart\u0131\u015f\u0131yoruz ve projenizin uygulanmas\u0131 i\u00e7in zaman \u00e7izelgesi olu\u015fturuyoruz.<\/p>\n<blockquote><p>\u015eirketin dan\u0131\u015fmanlar\u0131 taraf\u0131ndan sa\u011flanan hizmetlerin listesi \u015funlar\u0131 i\u00e7erir:<\/p><\/blockquote>\n<ul>\n<li>Alanya&#8217;daki arsalar\u0131n analizi<\/li>\n<li>Pazar ara\u015ft\u0131rmas\u0131<\/li>\n<li>Sitenin en iyi kullan\u0131m\u0131n\u0131n analizi<\/li>\n<li>&#8220;S\u0131f\u0131rdan&#8221; konsept geli\u015ftirme<\/li>\n<li>Projelerin konsept ve altyap\u0131 i\u00e7eri\u011fi i\u00e7in \u00f6neriler<\/li>\n<li>Rakip analizi<\/li>\n<li>Projelerin ekonomik analizi<\/li>\n<li>Yat\u0131r\u0131m analizi ve projelerin haz\u0131rlanmas\u0131, yat\u0131r\u0131m memorandumlar\u0131n\u0131n geli\u015ftirilmesi<\/li>\n<\/ul>\n<p><\/p>","protected":false},"excerpt":{"rendered":"<p>M\u00fc\u015fterilerimizle ortakla\u015fa karl\u0131 gayrimenkul projelerini hayata ge\u00e7irece\u011fiz T\u00fcrkiye pazar\u0131ndaki kapsaml\u0131 deneyim, emlak piyasas\u0131n\u0131n tarihi bilgisi, piyasan\u0131n d\u00fczenli olarak izlenmesi Opera m\u00fclklerinin Alanya&#8217;da benzersiz gayrimenkul projeleri ger\u00e7ekle\u015ftirmesine olanak tan\u0131r. \u00c7ok basit: bir strateji geli\u015ftiriyoruz, b\u00fct\u00e7enizi tart\u0131\u015f\u0131yoruz ve projenizin uygulanmas\u0131 i\u00e7in zaman \u00e7izelgesi olu\u015fturuyoruz. \u015eirketin dan\u0131\u015fmanlar\u0131 taraf\u0131ndan sa\u011flanan hizmetlerin listesi \u015funlar\u0131 i\u00e7erir: Alanya&#8217;daki arsalar\u0131n analizi Pazar ara\u015ft\u0131rmas\u0131 [&hellip;]<\/p>\n","protected":false},"author":14,"featured_media":20184,"parent":0,"menu_order":0,"comment_status":"closed","ping_status":"closed","template":"","meta":[],"_links":{"self":[{"href":"https:\/\/operaproperty.com\/tr\/wp-json\/wp\/v2\/pages\/20180"}],"collection":[{"href":"https:\/\/operaproperty.com\/tr\/wp-json\/wp\/v2\/pages"}],"about":[{"href":"https:\/\/operaproperty.com\/tr\/wp-json\/wp\/v2\/types\/page"}],"author":[{"embeddable":true,"href":"https:\/\/operaproperty.com\/tr\/wp-json\/wp\/v2\/users\/14"}],"replies":[{"embeddable":true,"href":"https:\/\/operaproperty.com\/tr\/wp-json\/wp\/v2\/comments?post=20180"}],"version-history":[{"count":5,"href":"https:\/\/operaproperty.com\/tr\/wp-json\/wp\/v2\/pages\/20180\/revisions"}],"predecessor-version":[{"id":22582,"href":"https:\/\/operaproperty.com\/tr\/wp-json\/wp\/v2\/pages\/20180\/revisions\/22582"}],"wp:featuredmedia":[{"embeddable":true,"href":"https:\/\/operaproperty.com\/tr\/wp-json\/wp\/v2\/media\/20184"}],"wp:attachment":[{"href":"https:\/\/operaproperty.com\/tr\/wp-json\/wp\/v2\/media?parent=20180"}],"curies":[{"name":"wp","href":"https:\/\/api.w.org\/{rel}","templated":true}]}}