{"id":20021,"date":"2021-04-07T09:17:11","date_gmt":"2021-04-07T09:17:11","guid":{"rendered":"https:\/\/operaproperty.com\/?page_id=20021"},"modified":"2021-04-07T09:30:10","modified_gmt":"2021-04-07T09:30:10","slug":"our-team","status":"publish","type":"page","link":"https:\/\/operaproperty.com\/tr\/our-team\/","title":{"rendered":"Ekibimiz"},"content":{"rendered":"<p>[vc_row full_width=&#8221;stretch_row&#8221; css=&#8221;.vc_custom_1494609476686{background-color: #f4f4f4 !important;}&#8221;][vc_column css=&#8221;.vc_custom_1494333765775{padding-top: 39px !important;padding-bottom: 24px !important;}&#8221;]<div class=\"mh-heading-wrapper--left \">\r\n\t\r\n        <div class=\"mh-heading-wrapper\">\r\n            <h3            class=\"mh-heading  mh-heading--bottom-separator   \"\r\n            style=\"font-weight:700;\">\r\n\t\t\tekibimiz ile tan\u0131\u015f\u0131n!        <\/h3>\r\n\r\n\t\t    <\/div>\r\n\r\n\t<\/div>\t<div class=\"owl-carousel owl-carousel--visible-3 \">\n\n\t\t\n\t\t\t<div class=\"mh-agent mh-agent--white\">\n\t\t\t\t<div\n\t\t\t\t   class=\"mh-agent__thumbnail\"\n\t\t\t\t   title=\"Tetiana Bohoslov\">\n\t\t\t\t\t\t\t\t\t<\/div>\n\n\t\t\t\t<div class=\"mh-agent__content\">\n\t\t\t\t\t<h3 class=\"mh-agent__heading\">Tetiana Bohoslov<\/h3>\n\n\t\t\t\t\t\n\t\t\t\t\t\t\t\t\t\t\t<div class=\"mh-agent__additional-fields\">\n\t\t\t\t\t\t\t\t\t\t\t\t\t\t\t\t\t\t\t\t\t\t\t\t\t\t\t\t\t<\/div>\n\t\t\t\t\t\n\t\t\t\t\t<div class=\"mh-agent-contact\">\n\t\t\t\t\t\t\t\t\t\t\t\t\t\t\t\t\t\t\t\t\t<div class=\"mh-agent-contact__element\">\n\t\t\t\t\t\t\t\t\t<a href=\"mailto:tetiana@operaproperty.com\">\n\t\t\t\t\t\t\t\t\t\t<i class=\"flaticon-mail-2\"><\/i>\n\t\t\t\t\t\t\t\t\t\ttetiana@operaproperty.com\t\t\t\t\t\t\t\t\t<\/a>\n\t\t\t\t\t\t\t\t<\/div>\n\t\t\t\t\t\t\t\t\t\t\t\t\t\n\t\t\t\t\t\t\t\t\t\t\t\t\t\t\t\t\t\t\t\t\t\t\t\t<\/div>\n\n\t\t\t\t\t\n\t\t\t\t\t\t\t\t\t<\/div>\n\t\t\t<\/div>\n\n\t\t\n\t\t\t<div class=\"mh-agent mh-agent--white\">\n\t\t\t\t<div\n\t\t\t\t   class=\"mh-agent__thumbnail\"\n\t\t\t\t   title=\"Daria Batrak\">\n\t\t\t\t\t\t\t<img\r\n\t\t\t\t\t\t\tdata-srcset=\"https:\/\/operaproperty.com\/wp-content\/uploads\/2022\/07\/E32EB8B6-D7C9-4D71-B258-5045C6F69D1D-100x100.jpeg 100w, https:\/\/operaproperty.com\/wp-content\/uploads\/2022\/07\/E32EB8B6-D7C9-4D71-B258-5045C6F69D1D-300x300.jpeg 300w, https:\/\/operaproperty.com\/wp-content\/uploads\/2022\/07\/E32EB8B6-D7C9-4D71-B258-5045C6F69D1D-1024x1024.jpeg 1024w, https:\/\/operaproperty.com\/wp-content\/uploads\/2022\/07\/E32EB8B6-D7C9-4D71-B258-5045C6F69D1D-150x150.jpeg 150w, https:\/\/operaproperty.com\/wp-content\/uploads\/2022\/07\/E32EB8B6-D7C9-4D71-B258-5045C6F69D1D-768x768.jpeg 768w, https:\/\/operaproperty.com\/wp-content\/uploads\/2022\/07\/E32EB8B6-D7C9-4D71-B258-5045C6F69D1D-1536x1536.jpeg 1536w, https:\/\/operaproperty.com\/wp-content\/uploads\/2022\/07\/E32EB8B6-D7C9-4D71-B258-5045C6F69D1D-400x400.jpeg 400w, https:\/\/operaproperty.com\/wp-content\/uploads\/2022\/07\/E32EB8B6-D7C9-4D71-B258-5045C6F69D1D-200x200.jpeg 200w, https:\/\/operaproperty.com\/wp-content\/uploads\/2022\/07\/E32EB8B6-D7C9-4D71-B258-5045C6F69D1D.jpeg 1709w\"\r\n\t\t\t\tclass=\"lazyload \"\r\n\t\t\t\tdata-sizes=\"auto\"\r\n\t\t\t\t\t\talt=\"Daria Batrak\"\r\n\t\t>\r\n\t\t\t\t\t\t<\/div>\n\n\t\t\t\t<div class=\"mh-agent__content\">\n\t\t\t\t\t<h3 class=\"mh-agent__heading\">Daria Batrak<\/h3>\n\n\t\t\t\t\t\n\t\t\t\t\t\t\t\t\t\t\t<div class=\"mh-agent__additional-fields\">\n\t\t\t\t\t\t\t\t\t\t\t\t\t\t\t\t\t\t\t\t\t\t\t<div class=\"mh-agent__additional-fields__item organization\">\n                                    <strong>Co-founder<\/strong>\t\t\t\t\t\t\t\t<\/div>\n\t\t\t\t\t\t\t\t\t\t\t\t\t\t\t\t\t\t\t\t\t<\/div>\n\t\t\t\t\t\n\t\t\t\t\t<div class=\"mh-agent-contact\">\n\t\t\t\t\t\t\t\t\t\t\t\t\t\t\t\t\t\t\t\t\t<div class=\"mh-agent-contact__element\">\n\t\t\t\t\t\t\t\t\t<a href=\"mailto:daria@operaproperty.com\">\n\t\t\t\t\t\t\t\t\t\t<i class=\"flaticon-mail-2\"><\/i>\n\t\t\t\t\t\t\t\t\t\tdaria@operaproperty.com\t\t\t\t\t\t\t\t\t<\/a>\n\t\t\t\t\t\t\t\t<\/div>\n\t\t\t\t\t\t\t\t\t\t\t\t\t\n\t\t\t\t\t\t\t\t\t\t\t\t\t\t\t\t\t\t\t\t\t<div class=\"mh-agent-contact__element\">\n\t\t\t\t\t\t\t\t\t<a href=\"tel:+905538986588\">\n\t\t\t\t\t\t\t\t\t\t<i class=\"flaticon-phone\"><\/i>\n\t\t\t\t\t\t\t\t\t\t+90 553 898 6588\t\t\t\t\t\t\t\t\t<\/a>\n\t\t\t\t\t\t\t\t<\/div>\n\t\t\t\t\t\t\t\t\t\t\t\t\t\t\t\t\t\t<\/div>\n\n\t\t\t\t\t\t\t\t\t\t\t<div class=\"mh-agent__social-wrapper\">\n\t\t\t\t\t\t\t<div class=\"mh-agent__social\">\n\t\t\t\t\t\t\t\t    <a href=\"https:\/\/facebook.com\"\r\n       target=\"_blank\">\r\n        <i class=\"fa fa-facebook\"><\/i>\r\n    <\/a>\r\n    <a href=\"https:\/\/twitter.com\"\r\n       target=\"_blank\">\r\n        <i class=\"fa fa-twitter\"><\/i>\r\n    <\/a>\r\n    <a href=\"https:\/\/instagram.com\"\r\n       target=\"_blank\">\r\n        <i class=\"fa fa-instagram\"><\/i>\r\n    <\/a>\r\n\t\t\t\t\t\t\t<\/div>\n\t\t\t\t\t\t<\/div>\n\t\t\t\t\t\n\t\t\t\t\t\t\t\t\t<\/div>\n\t\t\t<\/div>\n\n\t\t\n\t\t\t<div class=\"mh-agent mh-agent--white\">\n\t\t\t\t<div\n\t\t\t\t   class=\"mh-agent__thumbnail\"\n\t\t\t\t   title=\"Ayta\u00e7 Sar\u0131do\u011fan\">\n\t\t\t\t\t\t\t<img\r\n\t\t\t\t\t\t\tdata-srcset=\"https:\/\/operaproperty.com\/wp-content\/uploads\/2021\/01\/team-default-male-100x100.png 100w, https:\/\/operaproperty.com\/wp-content\/uploads\/2021\/01\/team-default-male-300x300.png 300w, https:\/\/operaproperty.com\/wp-content\/uploads\/2021\/01\/team-default-male-150x150.png 150w, https:\/\/operaproperty.com\/wp-content\/uploads\/2021\/01\/team-default-male-400x400.png 400w, https:\/\/operaproperty.com\/wp-content\/uploads\/2021\/01\/team-default-male-200x200.png 200w, https:\/\/operaproperty.com\/wp-content\/uploads\/2021\/01\/team-default-male.png 512w\"\r\n\t\t\t\tclass=\"lazyload \"\r\n\t\t\t\tdata-sizes=\"auto\"\r\n\t\t\t\t\t\talt=\"Ayta\u00e7 Sar\u0131do\u011fan\"\r\n\t\t>\r\n\t\t\t\t\t\t<\/div>\n\n\t\t\t\t<div class=\"mh-agent__content\">\n\t\t\t\t\t<h3 class=\"mh-agent__heading\">Ayta\u00e7 Sar\u0131do\u011fan<\/h3>\n\n\t\t\t\t\t\n\t\t\t\t\t\t\t\t\t\t\t<div class=\"mh-agent__additional-fields\">\n\t\t\t\t\t\t\t\t\t\t\t\t\t\t\t\t\t\t\t\t\t\t\t<div class=\"mh-agent__additional-fields__item organization\">\n                                    <strong>Kurucu<\/strong>\t\t\t\t\t\t\t\t<\/div>\n\t\t\t\t\t\t\t\t\t\t\t\t\t\t\t\t\t\t\t\t\t\t\t<div class=\"mh-agent__additional-fields__item sort-order\">\n                                        \t\t\t\t\t\t\t\t\t<strong>\n    \t\t\t\t\t\t\t\t\t\tSort Order:\n    \t\t\t\t\t\t\t\t\t<\/strong>\n    \t\t\t\t\t\t\t\t\t10\t\t\t\t\t\t\t\t<\/div>\n\t\t\t\t\t\t\t\t\t\t\t\t\t<\/div>\n\t\t\t\t\t\n\t\t\t\t\t<div class=\"mh-agent-contact\">\n\t\t\t\t\t\t\t\t\t\t\t\t\t\t\t\t\t\t\t\t\t<div class=\"mh-agent-contact__element\">\n\t\t\t\t\t\t\t\t\t<a href=\"mailto:aytac@operaproperty.com\">\n\t\t\t\t\t\t\t\t\t\t<i class=\"flaticon-mail-2\"><\/i>\n\t\t\t\t\t\t\t\t\t\taytac@operaproperty.com\t\t\t\t\t\t\t\t\t<\/a>\n\t\t\t\t\t\t\t\t<\/div>\n\t\t\t\t\t\t\t\t\t\t\t\t\t\n\t\t\t\t\t\t\t\t\t\t\t\t\t\t\t\t\t\t\t\t\t<div class=\"mh-agent-contact__element\">\n\t\t\t\t\t\t\t\t\t<a href=\"tel:+905323400331\">\n\t\t\t\t\t\t\t\t\t\t<i class=\"flaticon-phone\"><\/i>\n\t\t\t\t\t\t\t\t\t\t+90 532 340 03 31\t\t\t\t\t\t\t\t\t<\/a>\n\t\t\t\t\t\t\t\t<\/div>\n\t\t\t\t\t\t\t\t\t\t\t\t\t\t\t\t\t\t<\/div>\n\n\t\t\t\t\t\t\t\t\t\t\t<div class=\"mh-agent__social-wrapper\">\n\t\t\t\t\t\t\t<div class=\"mh-agent__social\">\n\t\t\t\t\t\t\t\t    <a href=\"https:\/\/facebook.com\"\r\n       target=\"_blank\">\r\n        <i class=\"fa fa-facebook\"><\/i>\r\n    <\/a>\r\n    <a href=\"https:\/\/twitter.com\"\r\n       target=\"_blank\">\r\n        <i class=\"fa fa-twitter\"><\/i>\r\n    <\/a>\r\n    <a href=\"https:\/\/instagram.com\"\r\n       target=\"_blank\">\r\n        <i class=\"fa fa-instagram\"><\/i>\r\n    <\/a>\r\n    <a href=\"https:\/\/linkedin.com\"\r\n       target=\"_blank\">\r\n        <i class=\"fa fa-linkedin\"><\/i>\r\n    <\/a>\r\n\t\t\t\t\t\t\t<\/div>\n\t\t\t\t\t\t<\/div>\n\t\t\t\t\t\n\t\t\t\t\t\t\t\t\t<\/div>\n\t\t\t<\/div>\n\n\t\t\n\t<\/div>\n\n[\/vc_column][\/vc_row][vc_row full_width=&#8221;stretch_row&#8221; css=&#8221;.vc_custom_1608987457755{background-color: #f4f4f4 !important;}&#8221;][vc_column css=&#8221;.vc_custom_1494333727302{padding-top: 39px !important;padding-bottom: 24px !important;}&#8221;]<div class=\" \">\r\n\t\r\n        <div class=\"mh-heading-wrapper\">\r\n            <h4            class=\"mh-heading  mh-heading--bottom-separator    vc_custom_1608988631472\"\r\n            style=\"font-weight:700;\">\r\n\t\t\t\u0130\u015f Ortaklar\u0131m\u0131z        <\/h4>\r\n\r\n\t\t    <\/div>\r\n\r\n\t<\/div>\t<div class=\"owl-carousel mh-clients owl-carousel--visible-5  \">\r\n\t\t\t\t\t<div class=\"item\">\r\n\t\t\t\t<div class=\"mh-client\">\r\n\t\t\t\t\t\t\t\t\t\t<a href=\"http:\/\/garanti.com.tr\/\" title=\"Garanti BBVA\"\r\n\t\t\t\t\t   target=\"_blank\">\r\n\t\t\t\t\t\t<img width=\"324\" height=\"56\" src=\"https:\/\/operaproperty.com\/wp-content\/uploads\/2017\/02\/garantibbva-logo.png\" class=\"attachment-full size-full wp-post-image\" alt=\"\" loading=\"lazy\" srcset=\"https:\/\/operaproperty.com\/wp-content\/uploads\/2017\/02\/garantibbva-logo.png 324w, https:\/\/operaproperty.com\/wp-content\/uploads\/2017\/02\/garantibbva-logo-300x52.png 300w\" sizes=\"(max-width: 324px) 100vw, 324px\" \/>\t\t\t\t\t<\/a>\r\n\t\t\t\t\t\t\t\t<\/div>\r\n\t\t\t<\/div>\r\n\t\t\t\t\t<div class=\"item\">\r\n\t\t\t\t<div class=\"mh-client\">\r\n\t\t\t\t\t\t\t\t\t\t<a href=\"http:\/\/www.mixxtravel.com\/\" title=\"Mixx Travel\"\r\n\t\t\t\t\t   target=\"_blank\">\r\n\t\t\t\t\t\t<img width=\"324\" height=\"56\" src=\"https:\/\/operaproperty.com\/wp-content\/uploads\/2017\/02\/mixx-travel.png\" class=\"attachment-full size-full wp-post-image\" alt=\"\" loading=\"lazy\" srcset=\"https:\/\/operaproperty.com\/wp-content\/uploads\/2017\/02\/mixx-travel.png 324w, https:\/\/operaproperty.com\/wp-content\/uploads\/2017\/02\/mixx-travel-300x52.png 300w\" sizes=\"(max-width: 324px) 100vw, 324px\" \/>\t\t\t\t\t<\/a>\r\n\t\t\t\t\t\t\t\t<\/div>\r\n\t\t\t<\/div>\r\n\t\t\t\t\t<div class=\"item\">\r\n\t\t\t\t<div class=\"mh-client\">\r\n\t\t\t\t\t\t\t\t\t\t<a href=\"https:\/\/www.kamburoglu.com.tr\/\" title=\"Kamburoglu\"\r\n\t\t\t\t\t   target=\"_blank\">\r\n\t\t\t\t\t\t<img width=\"324\" height=\"56\" src=\"https:\/\/operaproperty.com\/wp-content\/uploads\/2017\/02\/kamburoglu.png\" class=\"attachment-full size-full wp-post-image\" alt=\"\" loading=\"lazy\" srcset=\"https:\/\/operaproperty.com\/wp-content\/uploads\/2017\/02\/kamburoglu.png 324w, https:\/\/operaproperty.com\/wp-content\/uploads\/2017\/02\/kamburoglu-300x52.png 300w\" sizes=\"(max-width: 324px) 100vw, 324px\" \/>\t\t\t\t\t<\/a>\r\n\t\t\t\t\t\t\t\t<\/div>\r\n\t\t\t<\/div>\r\n\t\t\t\t\t<div class=\"item\">\r\n\t\t\t\t<div class=\"mh-client\">\r\n\t\t\t\t\t\t\t\t\t\t<a href=\"https:\/\/www.enzahome.com.tr\/\" title=\"Enza Home\"\r\n\t\t\t\t\t   target=\"_blank\">\r\n\t\t\t\t\t\t<img width=\"324\" height=\"56\" src=\"https:\/\/operaproperty.com\/wp-content\/uploads\/2017\/02\/enza-logo.png\" class=\"attachment-full size-full wp-post-image\" alt=\"\" loading=\"lazy\" srcset=\"https:\/\/operaproperty.com\/wp-content\/uploads\/2017\/02\/enza-logo.png 324w, https:\/\/operaproperty.com\/wp-content\/uploads\/2017\/02\/enza-logo-300x52.png 300w\" sizes=\"(max-width: 324px) 100vw, 324px\" \/>\t\t\t\t\t<\/a>\r\n\t\t\t\t\t\t\t\t<\/div>\r\n\t\t\t<\/div>\r\n\t\t\t\t\t<div class=\"item\">\r\n\t\t\t\t<div class=\"mh-client\">\r\n\t\t\t\t\t\t\t\t\t\t<a href=\"http:\/\/www.leartes.net\" title=\"Leartes.NET\"\r\n\t\t\t\t\t   target=\"_blank\">\r\n\t\t\t\t\t\t<img width=\"324\" height=\"56\" src=\"https:\/\/operaproperty.com\/wp-content\/uploads\/2017\/02\/logo-leartes_net.png\" class=\"attachment-full size-full wp-post-image\" alt=\"\" loading=\"lazy\" srcset=\"https:\/\/operaproperty.com\/wp-content\/uploads\/2017\/02\/logo-leartes_net.png 324w, https:\/\/operaproperty.com\/wp-content\/uploads\/2017\/02\/logo-leartes_net-300x52.png 300w\" sizes=\"(max-width: 324px) 100vw, 324px\" \/>\t\t\t\t\t<\/a>\r\n\t\t\t\t\t\t\t\t<\/div>\r\n\t\t\t<\/div>\r\n\t\t\t<\/div>\r\n[\/vc_column][\/vc_row]<\/p>","protected":false},"excerpt":{"rendered":"<p>[vc_row full_width=&#8221;stretch_row&#8221; css=&#8221;.vc_custom_1494609476686{background-color: #f4f4f4 !important;}&#8221;][vc_column css=&#8221;.vc_custom_1494333765775{padding-top: 39px !important;padding-bottom: 24px !important;}&#8221;][\/vc_column][\/vc_row][vc_row full_width=&#8221;stretch_row&#8221; css=&#8221;.vc_custom_1608987457755{background-color: #f4f4f4 !important;}&#8221;][vc_column css=&#8221;.vc_custom_1494333727302{padding-top: 39px !important;padding-bottom: 24px !important;}&#8221;][\/vc_column][\/vc_row]<\/p>\n","protected":false},"author":1,"featured_media":0,"parent":0,"menu_order":0,"comment_status":"closed","ping_status":"closed","template":"page_full-width-with-top-title.php","meta":[],"_links":{"self":[{"href":"https:\/\/operaproperty.com\/tr\/wp-json\/wp\/v2\/pages\/20021"}],"collection":[{"href":"https:\/\/operaproperty.com\/tr\/wp-json\/wp\/v2\/pages"}],"about":[{"href":"https:\/\/operaproperty.com\/tr\/wp-json\/wp\/v2\/types\/page"}],"author":[{"embeddable":true,"href":"https:\/\/operaproperty.com\/tr\/wp-json\/wp\/v2\/users\/1"}],"replies":[{"embeddable":true,"href":"https:\/\/operaproperty.com\/tr\/wp-json\/wp\/v2\/comments?post=20021"}],"version-history":[{"count":4,"href":"https:\/\/operaproperty.com\/tr\/wp-json\/wp\/v2\/pages\/20021\/revisions"}],"predecessor-version":[{"id":20030,"href":"https:\/\/operaproperty.com\/tr\/wp-json\/wp\/v2\/pages\/20021\/revisions\/20030"}],"wp:attachment":[{"href":"https:\/\/operaproperty.com\/tr\/wp-json\/wp\/v2\/media?parent=20021"}],"curies":[{"name":"wp","href":"https:\/\/api.w.org\/{rel}","templated":true}]}}