{"id":2710,"date":"2018-06-16T12:58:17","date_gmt":"2018-06-16T12:58:17","guid":{"rendered":"https:\/\/myhometheme.net\/market\/?page_id=2710"},"modified":"2021-04-27T17:56:21","modified_gmt":"2021-04-27T17:56:21","slug":"after-you-bought-your-home-in-turkey","status":"publish","type":"page","link":"https:\/\/operaproperty.com\/sv\/services\/after-you-bought-your-home-in-turkey\/","title":{"rendered":"Fastighetsf\u00f6rvaltning"},"content":{"rendered":"<p>[vc_row][vc_column width=&#8221;1\/3&#8243;][vc_single_image image=&#8221;3340&#8243; img_size=&#8221;large&#8221; onclick=&#8221;link_image&#8221;][\/vc_column][vc_column width=&#8221;2\/3&#8243;][vc_column_text]Att v\u00e4lja en kompetent f\u00f6rvaltare av din fastighet i Turkiet \u00e4r en viktig faktor som p\u00e5verkar det ytterligare tillst\u00e5ndet i ditt hus \/ l\u00e4genhet.<\/p>\n<p>Varje fastighets\u00e4gare f\u00f6rv\u00e4ntar sig en h\u00f6g niv\u00e5 av ansvar, ansvar och kunskap om verksamheten fr\u00e5n f\u00f6rvaltaren.[\/vc_column_text][\/vc_column][\/vc_row][vc_row][vc_column][vc_column_text]Att v\u00e4lja en kompetent f\u00f6rvaltare av din fastighet i Turkiet \u00e4r en viktig faktor som p\u00e5verkar ditt hus \/ l\u00e4genhets ytterligare tillst\u00e5nd.<\/p>\n<p>Varje fastighets\u00e4gare f\u00f6rv\u00e4ntar sig en h\u00f6g niv\u00e5 av ansvar, ansvar och kunskap om verksamheten fr\u00e5n f\u00f6rvaltaren.<\/p>\n<p>Opera fastighet erbjuder sina kunder individuell fastighetsf\u00f6rvaltning i Alanya i syfte att anl\u00e4ggningen ska fungera utm\u00e4rkt, minska kostnaderna f\u00f6r underh\u00e5ll och \u00f6ka vinsten fr\u00e5n dess anv\u00e4ndning.<\/p>\n<p>Paketet f\u00f6r fastighetsf\u00f6rvaltning inkluderar (justeringar \u00e4r till\u00e5tna):<\/p>\n<ul>\n<li>m\u00e5natlig \u00f6vervakning av din fastighets skick<\/li>\n<li>betalning av aktuella betalningar f\u00f6r el, vatten, telefon, el<\/li>\n<li>betalning av \u00e5rlig fastighetsskatt<\/li>\n<li>organisation av \u00f6verf\u00f6ringorganisation av reng\u00f6ring av din egendom<br \/>\nassistans i arbete relaterat<\/li>\n<li>till reparationer, fels\u00f6kning etc.<\/li>\n<li>hyra av din fastighet<\/li>\n<\/ul>\n<p>N\u00e4r du k\u00f6per fastigheter med Opera-fastigheter \u00e4r de f\u00f6rsta 6 m\u00e5naderna av f\u00f6rvaltningen av det f\u00f6rv\u00e4rvade objektet gratis !!!![\/vc_column_text][\/vc_column][\/vc_row]<\/p>","protected":false},"excerpt":{"rendered":"<p>[vc_row][vc_column width=&#8221;1\/3&#8243;][vc_single_image image=&#8221;3340&#8243; img_size=&#8221;large&#8221; onclick=&#8221;link_image&#8221;][\/vc_column][vc_column width=&#8221;2\/3&#8243;][vc_column_text]Att v\u00e4lja en kompetent f\u00f6rvaltare av din fastighet i Turkiet \u00e4r en viktig faktor som p\u00e5verkar det ytterligare tillst\u00e5ndet i ditt hus \/ l\u00e4genhet. Varje fastighets\u00e4gare f\u00f6rv\u00e4ntar sig en h\u00f6g niv\u00e5 av ansvar, ansvar och kunskap om verksamheten fr\u00e5n f\u00f6rvaltaren.[\/vc_column_text][\/vc_column][\/vc_row][vc_row][vc_column][vc_column_text]Att v\u00e4lja en kompetent f\u00f6rvaltare av din fastighet i Turkiet \u00e4r [&hellip;]<\/p>\n","protected":false},"author":1,"featured_media":0,"parent":2708,"menu_order":0,"comment_status":"closed","ping_status":"closed","template":"page_right-sidebar-with-top-title.php","meta":[],"_links":{"self":[{"href":"https:\/\/operaproperty.com\/sv\/wp-json\/wp\/v2\/pages\/2710"}],"collection":[{"href":"https:\/\/operaproperty.com\/sv\/wp-json\/wp\/v2\/pages"}],"about":[{"href":"https:\/\/operaproperty.com\/sv\/wp-json\/wp\/v2\/types\/page"}],"author":[{"embeddable":true,"href":"https:\/\/operaproperty.com\/sv\/wp-json\/wp\/v2\/users\/1"}],"replies":[{"embeddable":true,"href":"https:\/\/operaproperty.com\/sv\/wp-json\/wp\/v2\/comments?post=2710"}],"version-history":[{"count":4,"href":"https:\/\/operaproperty.com\/sv\/wp-json\/wp\/v2\/pages\/2710\/revisions"}],"predecessor-version":[{"id":20243,"href":"https:\/\/operaproperty.com\/sv\/wp-json\/wp\/v2\/pages\/2710\/revisions\/20243"}],"up":[{"embeddable":true,"href":"https:\/\/operaproperty.com\/sv\/wp-json\/wp\/v2\/pages\/2708"}],"wp:attachment":[{"href":"https:\/\/operaproperty.com\/sv\/wp-json\/wp\/v2\/media?parent=2710"}],"curies":[{"name":"wp","href":"https:\/\/api.w.org\/{rel}","templated":true}]}}