{"id":2708,"date":"2018-06-16T12:55:31","date_gmt":"2018-06-16T12:55:31","guid":{"rendered":"https:\/\/myhometheme.net\/market\/?page_id=2708"},"modified":"2021-01-06T12:18:13","modified_gmt":"2021-01-06T12:18:13","slug":"services","status":"publish","type":"page","link":"https:\/\/operaproperty.com\/sv\/services\/","title":{"rendered":"Tj\u00e4nster"},"content":{"rendered":"<p>[vc_row full_width=&#8221;stretch_row&#8221; css=&#8221;.vc_custom_1579420767104{margin-bottom: 24px !important;}&#8221;][vc_column][vc_column_text]<\/p>\n<h5>I linje med v\u00e5r h\u00f6gkvalitativa policy som bildas genom v\u00e5rt uppdrag, vision och k\u00e4rnv\u00e4rden tror vi ocks\u00e5 p\u00e5 den enorma betydelsen av kundn\u00f6jdhet som v\u00e5ra produkter och tj\u00e4nster skapar.<\/h5>\n<p>F\u00f6r att ge dig b\u00e4sta m\u00f6jliga service har vi p\u00e5 &#8220;<strong>Opera Property<\/strong>&#8221; st\u00e4rkt v\u00e5rt engagemang f\u00f6r kundn\u00f6jdhet genom \u00f6vergripande strategier och insatser som syftar till att f\u00f6rb\u00e4ttra kundrelationsprocesser.[\/vc_column_text]<div class=\"mh-heading-wrapper--left \">\r\n\t\r\n        <div class=\"mh-heading-wrapper\">\r\n            <h4            class=\"mh-heading  mh-heading--bottom-separator   \"\r\n            style=\"font-weight:700;\">\r\n\t\t\tV\u00e5r service f\u00f6r dig!        <\/h4>\r\n\r\n\t\t    <\/div>\r\n\r\n\t<\/div>[vc_column_text]Vi erbjuder en speciell typ av service.<br \/>\nHos oss \u00e4r du i s\u00e4kra h\u00e4nder. Njut av din dyrbara tid. Oavsett vad du beh\u00f6ver \u00e4r vi d\u00e4r f\u00f6r dig.[\/vc_column_text][\/vc_column][\/vc_row][vc_row][vc_column width=&#8221;1\/3&#8243;]\n<div id=\"interactive-banner-1-wrap-6324\" class=\"ult-banner-block ult-adjust-bottom-margin ult-bb-box ult-banner-block-custom-height banner-style01 \"   style=\"height:240px;\">\n\t<img src=\"https:\/\/operaproperty.com\/wp-content\/uploads\/2020\/12\/tapu.jpg\" alt=\"null\">\n\t<h2  data-ultimate-target='#interactive-banner-1-wrap-6324 .bb-top-title '  data-responsive-json-new='{\"font-size\":\"\",\"line-height\":\"\"}'  class=\"title-left bb-top-title ult-responsive\" style=\"font-weight:normal;background:#242424;color:#ffffff;\">Tapu (Lagfart)<\/h2>\n\t<div class=\"mask opaque-background\" style=\"background:#dd9933;\">\n\t\t<div  data-ultimate-target='#interactive-banner-1-wrap-6324 .bb-description'  data-responsive-json-new='{\"font-size\":\"\",\"line-height\":\"\"}'  class=\"bb-description ult-responsive\" style=\"font-weight:normal;color:#ffffff;\">Juridisk registrering eller Tapu som det kallas p\u00e5 turkiska \u00e4r en officiell registrering av ett f\u00f6rv\u00e4rv av fastigheter och det \u00e4r det enda beviset p\u00e5 att du \u00e4r \u00e4garen till fastigheten du k\u00f6per.<\/div>\n\t<\/div><a class=\"bb-link\" href=\"\/sv\/services\/tapu-title-deed\/\" title=\"Tapu (Title deed)\" ><\/a>\n<\/div>[\/vc_column][vc_column width=&#8221;1\/3&#8243;]\n<div id=\"interactive-banner-1-wrap-4915\" class=\"ult-banner-block ult-adjust-bottom-margin ult-bb-box ult-banner-block-custom-height banner-style01 \"   style=\"height:240px;\">\n\t<img src=\"https:\/\/operaproperty.com\/wp-content\/uploads\/2020\/12\/service_after_sale.jpg\" alt=\"null\">\n\t<h2  data-ultimate-target='#interactive-banner-1-wrap-4915 .bb-top-title '  data-responsive-json-new='{\"font-size\":\"\",\"line-height\":\"\"}'  class=\"title-left bb-top-title ult-responsive\" style=\"font-weight:normal;background:#242424;color:#ffffff;\">Efter att du k\u00f6pt ditt hem i Turkiet<\/h2>\n\t<div class=\"mask opaque-background\" style=\"background:#dd9933;\">\n\t\t<div  data-ultimate-target='#interactive-banner-1-wrap-4915 .bb-description'  data-responsive-json-new='{\"font-size\":\"\",\"line-height\":\"\"}'  class=\"bb-description ult-responsive\" style=\"font-weight:normal;color:#ffffff;\">P\u00e5 ``Opera Property`` tror vi att kundservice inte bara \u00e4r en del av v\u00e5r verksamhet, utan service \u00e4r v\u00e5rt jobb.<\/div>\n\t<\/div><a class=\"bb-link\" href=\"\/sv\/services\/after-you-bought-your-home-in-turkey\/\" title=\"After you bought your home in Turkey\" ><\/a>\n<\/div>[\/vc_column][vc_column width=&#8221;1\/3&#8243;]\n<div id=\"interactive-banner-1-wrap-8598\" class=\"ult-banner-block ult-adjust-bottom-margin ult-bb-box ult-banner-block-custom-height banner-style01 \"   style=\"height:240px;\">\n\t<img src=\"https:\/\/operaproperty.com\/wp-content\/uploads\/2020\/12\/mobler.jpg\" alt=\"null\">\n\t<h2  data-ultimate-target='#interactive-banner-1-wrap-8598 .bb-top-title '  data-responsive-json-new='{\"font-size\":\"\",\"line-height\":\"\"}'  class=\"title-left bb-top-title ult-responsive\" style=\"font-weight:normal;background:#242424;color:#ffffff;\">M\u00f6bler och interi\u00f6r<\/h2>\n\t<div class=\"mask opaque-background\" style=\"background:#dd9933;\">\n\t\t<div  data-ultimate-target='#interactive-banner-1-wrap-8598 .bb-description'  data-responsive-json-new='{\"font-size\":\"\",\"line-height\":\"\"}'  class=\"bb-description ult-responsive\" style=\"font-weight:normal;color:#ffffff;\">``Opera Property`` hj\u00e4lper till att k\u00f6pa m\u00f6bler och heminredning. V\u00e5rt f\u00f6rs\u00e4ljningsteam tar dig till utvalda butiker som erbjuder god kvalitet och service utan extra kostnad.<\/div>\n\t<\/div><a class=\"bb-link\" href=\"\/sv\/services\/furniture-and-interior\/\" title=\"Furniture and Interior\" ><\/a>\n<\/div>[\/vc_column][\/vc_row][vc_row][vc_column][vc_empty_space][\/vc_column][\/vc_row]<\/p>","protected":false},"excerpt":{"rendered":"<p>[vc_row full_width=&#8221;stretch_row&#8221; css=&#8221;.vc_custom_1579420767104{margin-bottom: 24px !important;}&#8221;][vc_column][vc_column_text] I linje med v\u00e5r h\u00f6gkvalitativa policy som bildas genom v\u00e5rt uppdrag, vision och k\u00e4rnv\u00e4rden tror vi ocks\u00e5 p\u00e5 den enorma betydelsen av kundn\u00f6jdhet som v\u00e5ra produkter och tj\u00e4nster skapar. F\u00f6r att ge dig b\u00e4sta m\u00f6jliga service har vi p\u00e5 &#8220;Opera Property&#8221; st\u00e4rkt v\u00e5rt engagemang f\u00f6r kundn\u00f6jdhet genom \u00f6vergripande strategier och [&hellip;]<\/p>\n","protected":false},"author":1,"featured_media":0,"parent":0,"menu_order":0,"comment_status":"closed","ping_status":"closed","template":"page_full-width-with-top-title.php","meta":[],"_links":{"self":[{"href":"https:\/\/operaproperty.com\/sv\/wp-json\/wp\/v2\/pages\/2708"}],"collection":[{"href":"https:\/\/operaproperty.com\/sv\/wp-json\/wp\/v2\/pages"}],"about":[{"href":"https:\/\/operaproperty.com\/sv\/wp-json\/wp\/v2\/types\/page"}],"author":[{"embeddable":true,"href":"https:\/\/operaproperty.com\/sv\/wp-json\/wp\/v2\/users\/1"}],"replies":[{"embeddable":true,"href":"https:\/\/operaproperty.com\/sv\/wp-json\/wp\/v2\/comments?post=2708"}],"version-history":[{"count":4,"href":"https:\/\/operaproperty.com\/sv\/wp-json\/wp\/v2\/pages\/2708\/revisions"}],"predecessor-version":[{"id":3666,"href":"https:\/\/operaproperty.com\/sv\/wp-json\/wp\/v2\/pages\/2708\/revisions\/3666"}],"wp:attachment":[{"href":"https:\/\/operaproperty.com\/sv\/wp-json\/wp\/v2\/media?parent=2708"}],"curies":[{"name":"wp","href":"https:\/\/api.w.org\/{rel}","templated":true}]}}