{"id":2323,"date":"2017-10-06T17:38:13","date_gmt":"2017-10-06T17:38:13","guid":{"rendered":"https:\/\/myhometheme.net\/default\/?page_id=2323"},"modified":"2021-01-06T12:02:00","modified_gmt":"2021-01-06T12:02:00","slug":"tapu-title-deed","status":"publish","type":"page","link":"https:\/\/operaproperty.com\/sv\/services\/tapu-title-deed\/","title":{"rendered":"Tapu (Lagfart)"},"content":{"rendered":"<p>[vc_row][vc_column width=&#8221;1\/3&#8243;][vc_single_image image=&#8221;3485&#8243; img_size=&#8221;medium&#8221; onclick=&#8221;link_image&#8221;][\/vc_column][vc_column width=&#8221;2\/3&#8243;]<div class=\"mh-heading-wrapper--left \">\r\n\t\r\n        <div class=\"mh-heading-wrapper\">\r\n            <h4            class=\"mh-heading  mh-heading--bottom-separator   \"\r\n            style=\"font-weight:700;\">\r\n\t\t\tTapu (Lagfart)        <\/h4>\r\n\r\n\t\t    <\/div>\r\n\r\n\t<\/div>[vc_column_text]Dokumentet som bekr\u00e4ftar \u00e4gandet av fastigheter i Turkiet heter Tapu.<br \/>\nDetta intyg utf\u00e4rdas av stadens matrikkontor. Faktumet att en enskild eller juridisk person \u00e4ger fastigheter inf\u00f6rs i registerboken.<\/p>\n<p>Pink tapu utf\u00e4rdas f\u00f6r fastigheter, som \u00e4r ett bostads-, kommersiellt objekt eller annan typ av konstruktion.[\/vc_column_text][\/vc_column][\/vc_row][vc_row][vc_column][vc_column_text]Tapu inneh\u00e5ller f\u00f6ljande information:<\/p>\n<ul>\n<li>adress och nummer p\u00e5 tomten d\u00e4r fastigheten ligger<\/li>\n<li>\u00e4garens foto<\/li>\n<li>\u00e4gareinformation<\/li>\n<li>ink\u00f6psdatum av \u00e4garen<\/li>\n<li>information om registreringen av en tomt i matrikkontoret<\/li>\n<li>typ av fastigheter (tomt, byggnad etc.)<\/li>\n<li>fastighetsstatus (separat objekt, del av objektet, delanv\u00e4ndning)<\/li>\n<li>serienummer och registreringsdata TAPU<\/li>\n<li>markarea (proportionell mot storleken p\u00e5 det f\u00f6rv\u00e4rvade bostaden)<\/li>\n<li>v\u00e4rdet p\u00e5 den k\u00f6pta fastigheten<\/li>\n<li>den auktoriserade personens signatur och matrisen till matr\u00e4ttsavdelningen etc.<\/li>\n<\/ul>\n<p>Var uppm\u00e4rksam:<br \/>\nBl\u00e5 tapu utf\u00e4rdas f\u00f6r fast egendom som representerar mark, \u00e5krar, tr\u00e4dg\u00e5rdar och andra outvecklade omr\u00e5den.[\/vc_column_text][\/vc_column][\/vc_row][vc_row][vc_column][vc_column_text]N\u00e4r du k\u00f6per en l\u00e4genhet eller villa i Turkiet beh\u00f6ver k\u00f6paren bara ha ett utl\u00e4ndskt pass f\u00f6r att kunna uppr\u00e4tta dokument f\u00f6r \u00e4gander\u00e4tt till fastigheter (i Turkiet kallas detta dokument). passet. Alla andra dokument behandlas lokalt i Turkiet.[\/vc_column_text][\/vc_column][\/vc_row]<\/p>","protected":false},"excerpt":{"rendered":"<p>[vc_row][vc_column width=&#8221;1\/3&#8243;][vc_single_image image=&#8221;3485&#8243; img_size=&#8221;medium&#8221; onclick=&#8221;link_image&#8221;][\/vc_column][vc_column width=&#8221;2\/3&#8243;][vc_column_text]Dokumentet som bekr\u00e4ftar \u00e4gandet av fastigheter i Turkiet heter Tapu. Detta intyg utf\u00e4rdas av stadens matrikkontor. Faktumet att en enskild eller juridisk person \u00e4ger fastigheter inf\u00f6rs i registerboken. Pink tapu utf\u00e4rdas f\u00f6r fastigheter, som \u00e4r ett bostads-, kommersiellt objekt eller annan typ av konstruktion.[\/vc_column_text][\/vc_column][\/vc_row][vc_row][vc_column][vc_column_text]Tapu inneh\u00e5ller f\u00f6ljande information: adress och nummer [&hellip;]<\/p>\n","protected":false},"author":1,"featured_media":3485,"parent":2708,"menu_order":0,"comment_status":"closed","ping_status":"closed","template":"page_right-sidebar-with-top-title.php","meta":[],"_links":{"self":[{"href":"https:\/\/operaproperty.com\/sv\/wp-json\/wp\/v2\/pages\/2323"}],"collection":[{"href":"https:\/\/operaproperty.com\/sv\/wp-json\/wp\/v2\/pages"}],"about":[{"href":"https:\/\/operaproperty.com\/sv\/wp-json\/wp\/v2\/types\/page"}],"author":[{"embeddable":true,"href":"https:\/\/operaproperty.com\/sv\/wp-json\/wp\/v2\/users\/1"}],"replies":[{"embeddable":true,"href":"https:\/\/operaproperty.com\/sv\/wp-json\/wp\/v2\/comments?post=2323"}],"version-history":[{"count":4,"href":"https:\/\/operaproperty.com\/sv\/wp-json\/wp\/v2\/pages\/2323\/revisions"}],"predecessor-version":[{"id":3660,"href":"https:\/\/operaproperty.com\/sv\/wp-json\/wp\/v2\/pages\/2323\/revisions\/3660"}],"up":[{"embeddable":true,"href":"https:\/\/operaproperty.com\/sv\/wp-json\/wp\/v2\/pages\/2708"}],"wp:featuredmedia":[{"embeddable":true,"href":"https:\/\/operaproperty.com\/sv\/wp-json\/wp\/v2\/media\/3485"}],"wp:attachment":[{"href":"https:\/\/operaproperty.com\/sv\/wp-json\/wp\/v2\/media?parent=2323"}],"curies":[{"name":"wp","href":"https:\/\/api.w.org\/{rel}","templated":true}]}}