{"id":20180,"date":"2021-04-24T11:52:02","date_gmt":"2021-04-24T11:52:02","guid":{"rendered":"https:\/\/operaproperty.com\/?page_id=20180"},"modified":"2022-01-18T09:57:33","modified_gmt":"2022-01-18T09:57:33","slug":"consulting","status":"publish","type":"page","link":"https:\/\/operaproperty.com\/sv\/consulting\/","title":{"rendered":"R\u00e5dgivning"},"content":{"rendered":"<p><\/p>\n<blockquote><p><em>Vi kommer att leva upp l\u00f6nsamma fastighetsprojekt i partnerskap med v\u00e5ra kunder<\/em><\/p><\/blockquote>\n<p>Omfattande erfarenhet av den turkiska marknaden, kunskap om fastighetsmarknadens historia, regelbunden \u00f6vervakning av marknaden g\u00f6r att Opera-fastigheter kan genomf\u00f6ra unika fastighetsprojekt i Alanya. Det \u00e4r enkelt: vi utvecklar en strategi, diskuterar budgeten och schemat f\u00f6r genomf\u00f6randet av ditt projekt.<\/p>\n<p>Listan \u00f6ver tj\u00e4nster som tillhandah\u00e5lls av f\u00f6retagets konsulter inkluderar:<\/p>\n<ul>\n<li>Analys av tomter i Alanya<\/li>\n<li>Marknadsanalys<\/li>\n<li>Analys av webbplatsens b\u00e4sta anv\u00e4ndning<\/li>\n<li>Konceptutveckling &#8220;fr\u00e5n grunden&#8221;<\/li>\n<li>Rekommendationer f\u00f6r projektens koncept och infrastrukturinneh\u00e5ll<\/li>\n<li>Konkurrentanalys<\/li>\n<li>Ekonomisk analys av projekt<\/li>\n<li>Investeringsanalys och f\u00f6rberedelse av projekt, utveckling av investeringsmemorandum<\/li>\n<\/ul>\n<p><\/p>","protected":false},"excerpt":{"rendered":"<p>Vi kommer att leva upp l\u00f6nsamma fastighetsprojekt i partnerskap med v\u00e5ra kunder Omfattande erfarenhet av den turkiska marknaden, kunskap om fastighetsmarknadens historia, regelbunden \u00f6vervakning av marknaden g\u00f6r att Opera-fastigheter kan genomf\u00f6ra unika fastighetsprojekt i Alanya. Det \u00e4r enkelt: vi utvecklar en strategi, diskuterar budgeten och schemat f\u00f6r genomf\u00f6randet av ditt projekt. Listan \u00f6ver tj\u00e4nster som [&hellip;]<\/p>\n","protected":false},"author":14,"featured_media":20184,"parent":0,"menu_order":0,"comment_status":"closed","ping_status":"closed","template":"","meta":[],"_links":{"self":[{"href":"https:\/\/operaproperty.com\/sv\/wp-json\/wp\/v2\/pages\/20180"}],"collection":[{"href":"https:\/\/operaproperty.com\/sv\/wp-json\/wp\/v2\/pages"}],"about":[{"href":"https:\/\/operaproperty.com\/sv\/wp-json\/wp\/v2\/types\/page"}],"author":[{"embeddable":true,"href":"https:\/\/operaproperty.com\/sv\/wp-json\/wp\/v2\/users\/14"}],"replies":[{"embeddable":true,"href":"https:\/\/operaproperty.com\/sv\/wp-json\/wp\/v2\/comments?post=20180"}],"version-history":[{"count":5,"href":"https:\/\/operaproperty.com\/sv\/wp-json\/wp\/v2\/pages\/20180\/revisions"}],"predecessor-version":[{"id":22582,"href":"https:\/\/operaproperty.com\/sv\/wp-json\/wp\/v2\/pages\/20180\/revisions\/22582"}],"wp:featuredmedia":[{"embeddable":true,"href":"https:\/\/operaproperty.com\/sv\/wp-json\/wp\/v2\/media\/20184"}],"wp:attachment":[{"href":"https:\/\/operaproperty.com\/sv\/wp-json\/wp\/v2\/media?parent=20180"}],"curies":[{"name":"wp","href":"https:\/\/api.w.org\/{rel}","templated":true}]}}