{"id":1365,"date":"2017-03-03T09:04:57","date_gmt":"2017-03-03T09:04:57","guid":{"rendered":"http:\/\/localhost\/newhome\/?page_id=1365"},"modified":"2021-04-24T15:48:31","modified_gmt":"2021-04-24T15:48:31","slug":"furniture-and-interior","status":"publish","type":"page","link":"https:\/\/operaproperty.com\/sv\/services\/furniture-and-interior\/","title":{"rendered":"Kundtj\u00e4nst"},"content":{"rendered":"<p>[vc_row][vc_column width=&#8221;1\/3&#8243;][\/vc_column][vc_column width=&#8221;2\/3&#8243;][vc_column_text]<em><strong>Du har blivit \u00e4gare till fastigheter i Alanya.<\/strong><\/em><br \/>\n<em><strong>Nu \u00e4r dina tankar upptagna med hur man ordnar, hur man ger mysighet och komfort till ditt hus \/ l\u00e4genhet i Medelhavet.<\/strong><\/em>[\/vc_column_text][\/vc_column][\/vc_row][vc_row][vc_column][vc_column_text]Efter f\u00f6rv\u00e4rvet av fastigheter i Alanya uppst\u00e5r nya uppgifter: att f\u00e5 abonnemangsr\u00e4kningar f\u00f6r vatten och el, m\u00f6bler och hush\u00e5llsapparater och andra vanliga hush\u00e5llsproblem som en utl\u00e4nning inte kan l\u00f6sa sj\u00e4lvst\u00e4ndigt och effektivt. H\u00e4r beh\u00f6vs specialisthj\u00e4lp!<\/p>\n<p>F\u00f6retagets kundserviceavdelning hj\u00e4lper dig g\u00e4rna med alla uppgifter:<\/p>\n<ul>\n<li>Transport av tillh\u00f6righeter<\/li>\n<li>Tecknande av abonnemangsavtal f\u00f6r tillhandah\u00e5llande av vattenf\u00f6rs\u00f6rjning, energif\u00f6rs\u00f6rjning, tr\u00e5d- och mobiltelefontj\u00e4nster<\/li>\n<li>Reng\u00f6ring<\/li>\n<li>Designerrenovering<\/li>\n<li>Ink\u00f6p av m\u00f6bler, hush\u00e5llsapparater<\/li>\n<\/ul>\n<p>Vi respekterar v\u00e5ra kunders \u00f6nskem\u00e5l och ser alltid till att allt g\u00f6rs av h\u00f6g kvalitet, felfritt och i tid.[\/vc_column_text][\/vc_column][\/vc_row]<\/p>","protected":false},"excerpt":{"rendered":"<p>[vc_row][vc_column width=&#8221;1\/3&#8243;][\/vc_column][vc_column width=&#8221;2\/3&#8243;][vc_column_text]Du har blivit \u00e4gare till fastigheter i Alanya. Nu \u00e4r dina tankar upptagna med hur man ordnar, hur man ger mysighet och komfort till ditt hus \/ l\u00e4genhet i Medelhavet.[\/vc_column_text][\/vc_column][\/vc_row][vc_row][vc_column][vc_column_text]Efter f\u00f6rv\u00e4rvet av fastigheter i Alanya uppst\u00e5r nya uppgifter: att f\u00e5 abonnemangsr\u00e4kningar f\u00f6r vatten och el, m\u00f6bler och hush\u00e5llsapparater och andra vanliga hush\u00e5llsproblem som [&hellip;]<\/p>\n","protected":false},"author":1,"featured_media":0,"parent":2708,"menu_order":0,"comment_status":"closed","ping_status":"closed","template":"page_right-sidebar-with-top-title.php","meta":[],"_links":{"self":[{"href":"https:\/\/operaproperty.com\/sv\/wp-json\/wp\/v2\/pages\/1365"}],"collection":[{"href":"https:\/\/operaproperty.com\/sv\/wp-json\/wp\/v2\/pages"}],"about":[{"href":"https:\/\/operaproperty.com\/sv\/wp-json\/wp\/v2\/types\/page"}],"author":[{"embeddable":true,"href":"https:\/\/operaproperty.com\/sv\/wp-json\/wp\/v2\/users\/1"}],"replies":[{"embeddable":true,"href":"https:\/\/operaproperty.com\/sv\/wp-json\/wp\/v2\/comments?post=1365"}],"version-history":[{"count":4,"href":"https:\/\/operaproperty.com\/sv\/wp-json\/wp\/v2\/pages\/1365\/revisions"}],"predecessor-version":[{"id":20190,"href":"https:\/\/operaproperty.com\/sv\/wp-json\/wp\/v2\/pages\/1365\/revisions\/20190"}],"up":[{"embeddable":true,"href":"https:\/\/operaproperty.com\/sv\/wp-json\/wp\/v2\/pages\/2708"}],"wp:attachment":[{"href":"https:\/\/operaproperty.com\/sv\/wp-json\/wp\/v2\/media?parent=1365"}],"curies":[{"name":"wp","href":"https:\/\/api.w.org\/{rel}","templated":true}]}}