{"id":1719,"date":"2017-05-05T15:22:08","date_gmt":"2017-05-05T15:22:08","guid":{"rendered":"http:\/\/export-1.test-tangibledesign.net\/?page_id=1719"},"modified":"2022-01-18T09:54:07","modified_gmt":"2022-01-18T09:54:07","slug":"about-us","status":"publish","type":"page","link":"https:\/\/operaproperty.com\/fa\/about-us\/","title":{"rendered":"\u062f\u0631\u0628\u0627\u0631\u0647 \u0645\u0627"},"content":{"rendered":"<p>[vc_row][vc_column css=&#8221;.vc_custom_1512407858131{padding-top: 12px !important;padding-bottom: 24px !important;}&#8221;]<div class=\"mh-heading-wrapper--left \">\r\n\t\r\n        <div class=\"mh-heading-wrapper\">\r\n            <h3            class=\"mh-heading  mh-heading--bottom-separator    vc_custom_1608989123785\"\r\n            style=\"font-weight:700;\">\r\n\t\t\t\u062f\u0631\u0628\u0627\u0631\u0647 \u0634\u0631\u06a9\u062a \u0645\u0627        <\/h3>\r\n\r\n\t\t    <\/div>\r\n\r\n\t<\/div>[vc_column_text]\u0627\u0645\u0644\u0627\u06a9 \u0627\u067e\u0631\u0627 \u0641\u0642\u0637 \u06cc\u06a9 \u0631\u0627\u0647 \u062d\u0644 \u0627\u0645\u0644\u0627\u06a9 \u0648 \u0645\u0633\u062a\u063a\u0644\u0627\u062a \u0646\u06cc\u0633\u062a \u060c \u0628\u0644\u06a9\u0647 \u062f\u0631 \u062a\u0645\u0627\u0645 \u0645\u0631\u0627\u062d\u0644 \u0631\u0648\u0634 \u062e\u0631\u06cc\u062f \u0627\u0645\u0644\u0627\u06a9 \u0648 \u0645\u0633\u062a\u063a\u0644\u0627\u062a \u060c \u062e\u062f\u0645\u0627\u062a \u067e\u0633 \u0627\u0632 \u0641\u0631\u0648\u0634 \u060c \u0645\u062f\u06cc\u0631\u06cc\u062a \u0627\u0645\u0644\u0627\u06a9 \u0648 \u0645\u0633\u062a\u063a\u0644\u0627\u062a \u067e\u0634\u062a\u06cc\u0628\u0627\u0646\u06cc \u0645\u0634\u062a\u0631\u06cc \u0627\u0633\u062a \u06a9\u0647 \u0628\u0631\u0627\u0633\u0627\u0633 \u0631\u0648\u06cc\u06a9\u0631\u062f \u0641\u0631\u062f\u06cc \u0647\u0631 \u0645\u0634\u062a\u0631\u06cc \u0627\u0633\u062a.<br \/>\n\u0627\u0645\u0644\u0627\u06a9 \u0627\u067e\u0631\u0627 \u06cc\u06a9 \u062f\u0648\u0633\u062a \u060c \u06cc\u0627\u0631 \u0648 \u0634\u0631\u06cc\u06a9 \u0642\u0627\u0628\u0644 \u0627\u0639\u062a\u0645\u0627\u062f \u0627\u0633\u062a. \u0645\u0627 \u0645\u0634\u0627\u0631\u06a9\u062a \u0647\u0627\u06cc \u0633\u0627\u0632\u0646\u062f\u0647 \u0627\u06cc \u0627\u0631\u0627\u0626\u0647 \u0645\u06cc \u062f\u0647\u06cc\u0645 \u062a\u0627 \u067e\u0631\u0648\u0698\u0647 \u0647\u0627\u06cc \u062a\u062c\u0627\u0631\u06cc \u0645\u0646\u062d\u0635\u0631 \u0628\u0647 \u0641\u0631\u062f\u06cc \u0631\u0627 \u06a9\u0647 \u0628\u06cc\u0634 \u0627\u0632 \u0627\u0646\u062a\u0638\u0627\u0631\u0627\u062a \u0645\u0634\u062a\u0631\u06cc\u0627\u0646 \u0645\u0627 \u0647\u0633\u062a\u0646\u062f \u060c \u0632\u0646\u062f\u0647 \u06a9\u0646\u06cc\u0645.[\/vc_column_text][\/vc_column][\/vc_row][vc_row full_width=&#8221;stretch_row&#8221; css=&#8221;.vc_custom_1494609476686{background-color: #f4f4f4 !important;}&#8221;][vc_column css=&#8221;.vc_custom_1494333765775{padding-top: 39px !important;padding-bottom: 24px !important;}&#8221;]<div class=\"mh-heading-wrapper--left \">\r\n\t\r\n        <div class=\"mh-heading-wrapper\">\r\n            <h3            class=\"mh-heading  mh-heading--bottom-separator   \"\r\n            style=\"font-weight:700;\">\r\n\t\t\t\u06af\u0631\u0648\u0647 \u0631\u0627 \u0645\u0644\u0627\u0642\u0627\u062a \u06a9\u0646!        <\/h3>\r\n\r\n\t\t    <\/div>\r\n\r\n\t<\/div>\t<div class=\"owl-carousel owl-carousel--visible-3 \">\n\n\t\t\n\t\t\t<div class=\"mh-agent mh-agent--white\">\n\t\t\t\t<div\n\t\t\t\t   class=\"mh-agent__thumbnail\"\n\t\t\t\t   title=\"Tetiana Bohoslov\">\n\t\t\t\t\t\t\t\t\t<\/div>\n\n\t\t\t\t<div class=\"mh-agent__content\">\n\t\t\t\t\t<h3 class=\"mh-agent__heading\">Tetiana Bohoslov<\/h3>\n\n\t\t\t\t\t\n\t\t\t\t\t\t\t\t\t\t\t<div class=\"mh-agent__additional-fields\">\n\t\t\t\t\t\t\t\t\t\t\t\t\t\t\t\t\t\t\t\t\t\t\t\t\t\t\t\t\t<\/div>\n\t\t\t\t\t\n\t\t\t\t\t<div class=\"mh-agent-contact\">\n\t\t\t\t\t\t\t\t\t\t\t\t\t\t\t\t\t\t\t\t\t<div class=\"mh-agent-contact__element\">\n\t\t\t\t\t\t\t\t\t<a href=\"mailto:tetiana@operaproperty.com\">\n\t\t\t\t\t\t\t\t\t\t<i class=\"flaticon-mail-2\"><\/i>\n\t\t\t\t\t\t\t\t\t\ttetiana@operaproperty.com\t\t\t\t\t\t\t\t\t<\/a>\n\t\t\t\t\t\t\t\t<\/div>\n\t\t\t\t\t\t\t\t\t\t\t\t\t\n\t\t\t\t\t\t\t\t\t\t\t\t\t\t\t\t\t\t\t\t\t\t\t\t<\/div>\n\n\t\t\t\t\t\n\t\t\t\t\t\t\t\t\t<\/div>\n\t\t\t<\/div>\n\n\t\t\n\t\t\t<div class=\"mh-agent mh-agent--white\">\n\t\t\t\t<div\n\t\t\t\t   class=\"mh-agent__thumbnail\"\n\t\t\t\t   title=\"Daria Batrak\">\n\t\t\t\t\t\t\t<img\r\n\t\t\t\t\t\t\tdata-srcset=\"https:\/\/operaproperty.com\/wp-content\/uploads\/2022\/07\/E32EB8B6-D7C9-4D71-B258-5045C6F69D1D-100x100.jpeg 100w, https:\/\/operaproperty.com\/wp-content\/uploads\/2022\/07\/E32EB8B6-D7C9-4D71-B258-5045C6F69D1D-300x300.jpeg 300w, https:\/\/operaproperty.com\/wp-content\/uploads\/2022\/07\/E32EB8B6-D7C9-4D71-B258-5045C6F69D1D-1024x1024.jpeg 1024w, https:\/\/operaproperty.com\/wp-content\/uploads\/2022\/07\/E32EB8B6-D7C9-4D71-B258-5045C6F69D1D-150x150.jpeg 150w, https:\/\/operaproperty.com\/wp-content\/uploads\/2022\/07\/E32EB8B6-D7C9-4D71-B258-5045C6F69D1D-768x768.jpeg 768w, https:\/\/operaproperty.com\/wp-content\/uploads\/2022\/07\/E32EB8B6-D7C9-4D71-B258-5045C6F69D1D-1536x1536.jpeg 1536w, https:\/\/operaproperty.com\/wp-content\/uploads\/2022\/07\/E32EB8B6-D7C9-4D71-B258-5045C6F69D1D-400x400.jpeg 400w, https:\/\/operaproperty.com\/wp-content\/uploads\/2022\/07\/E32EB8B6-D7C9-4D71-B258-5045C6F69D1D-200x200.jpeg 200w, https:\/\/operaproperty.com\/wp-content\/uploads\/2022\/07\/E32EB8B6-D7C9-4D71-B258-5045C6F69D1D.jpeg 1709w\"\r\n\t\t\t\tclass=\"lazyload \"\r\n\t\t\t\tdata-sizes=\"auto\"\r\n\t\t\t\t\t\talt=\"Daria Batrak\"\r\n\t\t>\r\n\t\t\t\t\t\t<\/div>\n\n\t\t\t\t<div class=\"mh-agent__content\">\n\t\t\t\t\t<h3 class=\"mh-agent__heading\">Daria Batrak<\/h3>\n\n\t\t\t\t\t\n\t\t\t\t\t\t\t\t\t\t\t<div class=\"mh-agent__additional-fields\">\n\t\t\t\t\t\t\t\t\t\t\t\t\t\t\t\t\t\t\t\t\t\t\t<div class=\"mh-agent__additional-fields__item organization\">\n                                    <strong>Co-founder<\/strong>\t\t\t\t\t\t\t\t<\/div>\n\t\t\t\t\t\t\t\t\t\t\t\t\t\t\t\t\t\t\t\t\t<\/div>\n\t\t\t\t\t\n\t\t\t\t\t<div class=\"mh-agent-contact\">\n\t\t\t\t\t\t\t\t\t\t\t\t\t\t\t\t\t\t\t\t\t<div class=\"mh-agent-contact__element\">\n\t\t\t\t\t\t\t\t\t<a href=\"mailto:daria@operaproperty.com\">\n\t\t\t\t\t\t\t\t\t\t<i class=\"flaticon-mail-2\"><\/i>\n\t\t\t\t\t\t\t\t\t\tdaria@operaproperty.com\t\t\t\t\t\t\t\t\t<\/a>\n\t\t\t\t\t\t\t\t<\/div>\n\t\t\t\t\t\t\t\t\t\t\t\t\t\n\t\t\t\t\t\t\t\t\t\t\t\t\t\t\t\t\t\t\t\t\t<div class=\"mh-agent-contact__element\">\n\t\t\t\t\t\t\t\t\t<a href=\"tel:+905538986588\">\n\t\t\t\t\t\t\t\t\t\t<i class=\"flaticon-phone\"><\/i>\n\t\t\t\t\t\t\t\t\t\t+90 553 898 6588\t\t\t\t\t\t\t\t\t<\/a>\n\t\t\t\t\t\t\t\t<\/div>\n\t\t\t\t\t\t\t\t\t\t\t\t\t\t\t\t\t\t<\/div>\n\n\t\t\t\t\t\t\t\t\t\t\t<div class=\"mh-agent__social-wrapper\">\n\t\t\t\t\t\t\t<div class=\"mh-agent__social\">\n\t\t\t\t\t\t\t\t    <a href=\"https:\/\/facebook.com\"\r\n       target=\"_blank\">\r\n        <i class=\"fa fa-facebook\"><\/i>\r\n    <\/a>\r\n    <a href=\"https:\/\/twitter.com\"\r\n       target=\"_blank\">\r\n        <i class=\"fa fa-twitter\"><\/i>\r\n    <\/a>\r\n    <a href=\"https:\/\/instagram.com\"\r\n       target=\"_blank\">\r\n        <i class=\"fa fa-instagram\"><\/i>\r\n    <\/a>\r\n\t\t\t\t\t\t\t<\/div>\n\t\t\t\t\t\t<\/div>\n\t\t\t\t\t\n\t\t\t\t\t\t\t\t\t<\/div>\n\t\t\t<\/div>\n\n\t\t\n\t\t\t<div class=\"mh-agent mh-agent--white\">\n\t\t\t\t<div\n\t\t\t\t   class=\"mh-agent__thumbnail\"\n\t\t\t\t   title=\"Ayta\u00e7 Sar\u0131do\u011fan\">\n\t\t\t\t\t\t\t<img\r\n\t\t\t\t\t\t\tdata-srcset=\"https:\/\/operaproperty.com\/wp-content\/uploads\/2021\/01\/team-default-male-100x100.png 100w, https:\/\/operaproperty.com\/wp-content\/uploads\/2021\/01\/team-default-male-300x300.png 300w, https:\/\/operaproperty.com\/wp-content\/uploads\/2021\/01\/team-default-male-150x150.png 150w, https:\/\/operaproperty.com\/wp-content\/uploads\/2021\/01\/team-default-male-400x400.png 400w, https:\/\/operaproperty.com\/wp-content\/uploads\/2021\/01\/team-default-male-200x200.png 200w, https:\/\/operaproperty.com\/wp-content\/uploads\/2021\/01\/team-default-male.png 512w\"\r\n\t\t\t\tclass=\"lazyload \"\r\n\t\t\t\tdata-sizes=\"auto\"\r\n\t\t\t\t\t\talt=\"Ayta\u00e7 Sar\u0131do\u011fan\"\r\n\t\t>\r\n\t\t\t\t\t\t<\/div>\n\n\t\t\t\t<div class=\"mh-agent__content\">\n\t\t\t\t\t<h3 class=\"mh-agent__heading\">Ayta\u00e7 Sar\u0131do\u011fan<\/h3>\n\n\t\t\t\t\t\n\t\t\t\t\t\t\t\t\t\t\t<div class=\"mh-agent__additional-fields\">\n\t\t\t\t\t\t\t\t\t\t\t\t\t\t\t\t\t\t\t\t\t\t\t<div class=\"mh-agent__additional-fields__item organization\">\n                                    <strong>\u0645\u0627\u0644\u06a9 \u0648 \u0645\u0648\u0633\u0633<\/strong>\t\t\t\t\t\t\t\t<\/div>\n\t\t\t\t\t\t\t\t\t\t\t\t\t\t\t\t\t\t\t\t\t\t\t<div class=\"mh-agent__additional-fields__item sort-order\">\n                                        \t\t\t\t\t\t\t\t\t<strong>\n    \t\t\t\t\t\t\t\t\t\tSort Order:\n    \t\t\t\t\t\t\t\t\t<\/strong>\n    \t\t\t\t\t\t\t\t\t10\t\t\t\t\t\t\t\t<\/div>\n\t\t\t\t\t\t\t\t\t\t\t\t\t<\/div>\n\t\t\t\t\t\n\t\t\t\t\t<div class=\"mh-agent-contact\">\n\t\t\t\t\t\t\t\t\t\t\t\t\t\t\t\t\t\t\t\t\t<div class=\"mh-agent-contact__element\">\n\t\t\t\t\t\t\t\t\t<a href=\"mailto:aytac@operaproperty.com\">\n\t\t\t\t\t\t\t\t\t\t<i class=\"flaticon-mail-2\"><\/i>\n\t\t\t\t\t\t\t\t\t\taytac@operaproperty.com\t\t\t\t\t\t\t\t\t<\/a>\n\t\t\t\t\t\t\t\t<\/div>\n\t\t\t\t\t\t\t\t\t\t\t\t\t\n\t\t\t\t\t\t\t\t\t\t\t\t\t\t\t\t\t\t\t\t\t<div class=\"mh-agent-contact__element\">\n\t\t\t\t\t\t\t\t\t<a href=\"tel:+905323400331\">\n\t\t\t\t\t\t\t\t\t\t<i class=\"flaticon-phone\"><\/i>\n\t\t\t\t\t\t\t\t\t\t+90 532 340 03 31\t\t\t\t\t\t\t\t\t<\/a>\n\t\t\t\t\t\t\t\t<\/div>\n\t\t\t\t\t\t\t\t\t\t\t\t\t\t\t\t\t\t<\/div>\n\n\t\t\t\t\t\t\t\t\t\t\t<div class=\"mh-agent__social-wrapper\">\n\t\t\t\t\t\t\t<div class=\"mh-agent__social\">\n\t\t\t\t\t\t\t\t    <a href=\"https:\/\/facebook.com\"\r\n       target=\"_blank\">\r\n        <i class=\"fa fa-facebook\"><\/i>\r\n    <\/a>\r\n    <a href=\"https:\/\/twitter.com\"\r\n       target=\"_blank\">\r\n        <i class=\"fa fa-twitter\"><\/i>\r\n    <\/a>\r\n    <a href=\"https:\/\/instagram.com\"\r\n       target=\"_blank\">\r\n        <i class=\"fa fa-instagram\"><\/i>\r\n    <\/a>\r\n    <a href=\"https:\/\/linkedin.com\"\r\n       target=\"_blank\">\r\n        <i class=\"fa fa-linkedin\"><\/i>\r\n    <\/a>\r\n\t\t\t\t\t\t\t<\/div>\n\t\t\t\t\t\t<\/div>\n\t\t\t\t\t\n\t\t\t\t\t\t\t\t\t<\/div>\n\t\t\t<\/div>\n\n\t\t\n\t<\/div>\n\n[\/vc_column][\/vc_row][vc_row][vc_column]<div class=\" \">\r\n\t\r\n        <div class=\"mh-heading-wrapper\">\r\n            <h2            class=\"mh-heading  mh-heading--bottom-separator   \"\r\n            style=\"font-weight:700;\">\r\n\t\t\t\u0622\u0646\u0686\u0647 \u0645\u0634\u062a\u0631\u06cc\u0627\u0646 \u0645\u0627 \u0641\u06a9\u0631 \u0645\u06cc \u06a9\u0646\u0646\u062f        <\/h2>\r\n\r\n\t\t    <\/div>\r\n\r\n\t<\/div>\t<div class=\"owl-carousel owl-carousel--visible-1  mh-testimonials--dark mh-testimonials--standard\">\r\n\t\t\t\t\t<div class=\"item\">\r\n\t\t\t\t<article class=\"mh-testimonial\">\r\n\t\t\t\t\t<div class=\"mh-testimonial__inner\">\r\n\t\t\t\t\t\t<blockquote class=\"mh-testimonial__text\">\r\n\t\t\t\t\t\t\t<p>\u0639\u0635\u0631 \u0628\u062e\u06cc\u0631 \u0628\u0647 \u0647\u0645\u0647 \u06a9\u0633\u0627\u0646\u06cc \u06a9\u0647 \u0628\u0647 \u062f\u0646\u0628\u0627\u0644 \u0645\u062d\u0644 \u0627\u0642\u0627\u0645\u062a \u062e\u0648\u062f \u062f\u0631 \u0633\u0648\u0627\u062d\u0644 \u062f\u0631\u06cc\u0627\u06cc \u0645\u062f\u06cc\u062a\u0631\u0627\u0646\u0647 \u0647\u0633\u062a\u0646\u062f. \u0645\u0646 \u0645\u06cc \u062e\u0648\u0627\u0647\u0645 \u0627\u0632 \u06a9\u0644 \u0622\u0698\u0627\u0646\u0633 \u0627\u0645\u0644\u0627\u06a9 \u0648 \u0645\u0633\u062a\u063a\u0644\u0627\u062a Opera Property \u0642\u062f\u0631\u062f\u0627\u0646\u06cc \u06a9\u0646\u0645.<\/p>\n\t\t\t\t\t\t<\/blockquote>\r\n\t\t\t\t\t\t<div class=\"mh-testimonial__photo\">\r\n\t\t\t\t\t\t\t\t\t<img\r\n\t\t\t\t\t\t\tdata-srcset=\"https:\/\/operaproperty.com\/wp-content\/uploads\/2017\/02\/Willard-Donovan-100x100.jpg 100w, https:\/\/operaproperty.com\/wp-content\/uploads\/2017\/02\/Willard-Donovan-300x300.jpg 300w, https:\/\/operaproperty.com\/wp-content\/uploads\/2017\/02\/Willard-Donovan-150x150.jpg 150w, https:\/\/operaproperty.com\/wp-content\/uploads\/2017\/02\/Willard-Donovan-400x400.jpg 400w, https:\/\/operaproperty.com\/wp-content\/uploads\/2017\/02\/Willard-Donovan-200x200.jpg 200w, https:\/\/operaproperty.com\/wp-content\/uploads\/2017\/02\/Willard-Donovan.jpg 634w\"\r\n\t\t\t\tclass=\"lazyload \"\r\n\t\t\t\tdata-sizes=\"auto\"\r\n\t\t\t\t\t\talt=\"Willard Donovan\"\r\n\t\t>\r\n\t\t\t\t\t\t\t\t<\/div>\r\n\r\n\t\t\t\t\t\t\t\t\t\t\t\t\t<div class=\"mh-testimonial__author-info\">\r\n\t\t\t\t\t\t\t\t\t\t\t\t\t\t\t\t\t<h3 class=\"mh-testimonial__author\">\r\n\t\t\t\t\t\t\t\t\t\tWillard Donovan\t\t\t\t\t\t\t\t\t<\/h3>\r\n\t\t\t\t\t\t\t\t\r\n\t\t\t\t\t\t\t\t\t\t\t\t\t\t\t\t\t<div class=\"mh-testimonial__occupation\">\r\n\t\t\t\t\t\t\t\t\t\t\u0633\u0648\u0626\u062f\t\t\t\t\t\t\t\t\t<\/div>\r\n\t\t\t\t\t\t\t\t\t\t\t\t\t\t\t<\/div>\r\n\t\t\t\t\t\t\t\t\t\t\t<\/div>\r\n\t\t\t\t<\/article>\r\n\t\t\t<\/div>\r\n\t\t\t\t\t<div class=\"item\">\r\n\t\t\t\t<article class=\"mh-testimonial\">\r\n\t\t\t\t\t<div class=\"mh-testimonial__inner\">\r\n\t\t\t\t\t\t<blockquote class=\"mh-testimonial__text\">\r\n\t\t\t\t\t\t\t<p>We would like to thank you quite warmly! By you we have found not only a wonderful flat in Alanya, but we were consulted from you and still are very actual and nice &#8211; if at authorities and bank or by the furniture purchase.<\/p>\n\t\t\t\t\t\t<\/blockquote>\r\n\t\t\t\t\t\t<div class=\"mh-testimonial__photo\">\r\n\t\t\t\t\t\t\t\t\t<img\r\n\t\t\t\t\t\t\tdata-srcset=\"https:\/\/operaproperty.com\/wp-content\/uploads\/2017\/02\/Orpha-Letitia-100x100.jpg 100w, https:\/\/operaproperty.com\/wp-content\/uploads\/2017\/02\/Orpha-Letitia-300x300.jpg 300w, https:\/\/operaproperty.com\/wp-content\/uploads\/2017\/02\/Orpha-Letitia-150x150.jpg 150w, https:\/\/operaproperty.com\/wp-content\/uploads\/2017\/02\/Orpha-Letitia-400x400.jpg 400w, https:\/\/operaproperty.com\/wp-content\/uploads\/2017\/02\/Orpha-Letitia-200x200.jpg 200w, https:\/\/operaproperty.com\/wp-content\/uploads\/2017\/02\/Orpha-Letitia.jpg 634w\"\r\n\t\t\t\tclass=\"lazyload \"\r\n\t\t\t\tdata-sizes=\"auto\"\r\n\t\t\t\t\t\talt=\"Orpha Letitia\"\r\n\t\t>\r\n\t\t\t\t\t\t\t\t<\/div>\r\n\r\n\t\t\t\t\t\t\t\t\t\t\t\t\t<div class=\"mh-testimonial__author-info\">\r\n\t\t\t\t\t\t\t\t\t\t\t\t\t\t\t\t\t<h3 class=\"mh-testimonial__author\">\r\n\t\t\t\t\t\t\t\t\t\tOrpha Letitia\t\t\t\t\t\t\t\t\t<\/h3>\r\n\t\t\t\t\t\t\t\t\r\n\t\t\t\t\t\t\t\t\t\t\t\t\t\t\t\t\t<div class=\"mh-testimonial__occupation\">\r\n\t\t\t\t\t\t\t\t\t\t\u0631\u0648\u0633\u06cc\u0647\t\t\t\t\t\t\t\t\t<\/div>\r\n\t\t\t\t\t\t\t\t\t\t\t\t\t\t\t<\/div>\r\n\t\t\t\t\t\t\t\t\t\t\t<\/div>\r\n\t\t\t\t<\/article>\r\n\t\t\t<\/div>\r\n\t\t\t\t\t<div class=\"item\">\r\n\t\t\t\t<article class=\"mh-testimonial\">\r\n\t\t\t\t\t<div class=\"mh-testimonial__inner\">\r\n\t\t\t\t\t\t<blockquote class=\"mh-testimonial__text\">\r\n\t\t\t\t\t\t\t<p>\u0642\u0627\u0628\u0644 \u0627\u0639\u062a\u0645\u0627\u062f &#8211; \u062f\u0648\u0633\u062a\u0627\u0646\u0647 &#8211; \u0645\u0634\u062a\u0631\u06cc \u0645\u062f\u0627\u0631. \u062f\u0631 \u062a\u0627\u0628\u0633\u062a\u0627\u0646 \u0633\u0627\u0644 2020 \u060c \u0645\u0627 \u06cc\u06a9 \u0645\u0644\u06a9 \u062f\u0631 \u0645\u062d\u0645\u0648\u062a\u0644\u0627\u0631 \u062e\u0631\u06cc\u062f\u0627\u0631\u06cc \u06a9\u0631\u062f\u06cc\u0645 \u0648 \u0647\u0646\u0648\u0632 \u0647\u0645 \u0628\u06cc\u0634 \u0627\u0632 \u062d\u062f \u0631\u0627\u0636\u06cc \u0647\u0633\u062a\u06cc\u0645. \u062a\u06cc\u0645 Opera \u0627\u0632 \u0627\u0648\u0644\u06cc\u0646 \u0628\u0627\u0632\u062f\u06cc\u062f \u0627\u0632 \u062e\u0631\u06cc\u062f \u06cc\u06a9 \u0628\u0633\u062a\u0647 \u0647\u0645\u0647 \u062c\u0627\u0646\u0628\u0647 \u0631\u0627 \u0628\u0647 \u0645\u0627 \u0627\u0631\u0627\u0626\u0647 \u062f\u0627\u062f\u0647 \u0627\u0633\u062a. \u0639\u0644\u0627\u0648\u0647 \u0628\u0631 \u0627\u06cc\u0646 \u060c Opera Property \u0647\u0645\u06cc\u0634\u0647 \u0628\u0627 \u06af\u0641\u062a\u0627\u0631 \u0648 \u06a9\u0631\u062f\u0627\u0631 \u0627\u0632 \u0645\u0627 \u067e\u0634\u062a\u06cc\u0628\u0627\u0646\u06cc \u06a9\u0631\u062f\u0647 \u0627\u0633\u062a. \u0645\u0634\u06a9\u0644\u0627\u062a \u06cc\u0627 \u0645\u0648\u0642\u0639\u06cc\u062a \u0647\u0627\u06cc\u06cc \u06a9\u0647 \u062d\u0644 \u0646\u0634\u062f\u0646\u062f \u060c \u0648\u062c\u0648\u062f \u0646\u062f\u0627\u0634\u062a! \u0645\u0627 \u062e\u0648\u0634\u062d\u0627\u0644 \u062e\u0648\u0627\u0647\u06cc\u0645 \u0634\u062f \u0627\u06af\u0631 \u0628\u062a\u0648\u0627\u0646\u06cc\u0645 \u062f\u0631 \u0637\u0648\u0644 \u0627\u0642\u0627\u0645\u062a \u062e\u0648\u062f \u062f\u0631 \u062a\u0631\u06a9\u06cc\u0647 \u0627\u0632 \u062f\u0641\u062a\u0631 \u0628\u0627\u0632\u062f\u06cc\u062f \u06a9\u0646\u06cc\u0645<\/p>\n\t\t\t\t\t\t<\/blockquote>\r\n\t\t\t\t\t\t<div class=\"mh-testimonial__photo\">\r\n\t\t\t\t\t\t\t\t\t<img\r\n\t\t\t\t\t\t\tdata-srcset=\"https:\/\/operaproperty.com\/wp-content\/uploads\/2017\/02\/charlotte--100x100.jpg 100w, https:\/\/operaproperty.com\/wp-content\/uploads\/2017\/02\/charlotte--300x300.jpg 300w, https:\/\/operaproperty.com\/wp-content\/uploads\/2017\/02\/charlotte--150x150.jpg 150w, https:\/\/operaproperty.com\/wp-content\/uploads\/2017\/02\/charlotte--400x400.jpg 400w, https:\/\/operaproperty.com\/wp-content\/uploads\/2017\/02\/charlotte--200x200.jpg 200w, https:\/\/operaproperty.com\/wp-content\/uploads\/2017\/02\/charlotte-.jpg 634w\"\r\n\t\t\t\tclass=\"lazyload \"\r\n\t\t\t\tdata-sizes=\"auto\"\r\n\t\t\t\t\t\talt=\"Charlotte Nel Jensen\"\r\n\t\t>\r\n\t\t\t\t\t\t\t\t<\/div>\r\n\r\n\t\t\t\t\t\t\t\t\t\t\t\t\t<div class=\"mh-testimonial__author-info\">\r\n\t\t\t\t\t\t\t\t\t\t\t\t\t\t\t\t\t<h3 class=\"mh-testimonial__author\">\r\n\t\t\t\t\t\t\t\t\t\tCharlotte Nel Jensen\t\t\t\t\t\t\t\t\t<\/h3>\r\n\t\t\t\t\t\t\t\t\r\n\t\t\t\t\t\t\t\t\t\t\t\t\t\t\t\t\t<div class=\"mh-testimonial__occupation\">\r\n\t\t\t\t\t\t\t\t\t\t\u062f\u0627\u0646\u0645\u0627\u0631\u06a9\t\t\t\t\t\t\t\t\t<\/div>\r\n\t\t\t\t\t\t\t\t\t\t\t\t\t\t\t<\/div>\r\n\t\t\t\t\t\t\t\t\t\t\t<\/div>\r\n\t\t\t\t<\/article>\r\n\t\t\t<\/div>\r\n\t\t\t<\/div>\r\n[\/vc_column][\/vc_row][vc_row full_width=&#8221;stretch_row&#8221; css=&#8221;.vc_custom_1608986988736{background-color: #f4f4f4 !important;}&#8221;][vc_column css=&#8221;.vc_custom_1494333727302{padding-top: 39px !important;padding-bottom: 24px !important;}&#8221;]<div class=\" \">\r\n\t\r\n        <div class=\"mh-heading-wrapper\">\r\n            <h4            class=\"mh-heading  mh-heading--bottom-separator    vc_custom_1608989018519\"\r\n            style=\"font-weight:700;\">\r\n\t\t\t\u0634\u0631\u06a9\u0627\u06cc \u062a\u062c\u0627\u0631\u06cc \u0645\u0627        <\/h4>\r\n\r\n\t\t    <\/div>\r\n\r\n\t<\/div>\t<div class=\"owl-carousel mh-clients owl-carousel--visible-5  \">\r\n\t\t\t\t\t<div class=\"item\">\r\n\t\t\t\t<div class=\"mh-client\">\r\n\t\t\t\t\t\t\t\t\t\t<a href=\"http:\/\/garanti.com.tr\/\" title=\"Garanti BBVA\"\r\n\t\t\t\t\t   target=\"_blank\">\r\n\t\t\t\t\t\t<img width=\"324\" height=\"56\" src=\"https:\/\/operaproperty.com\/wp-content\/uploads\/2017\/02\/garantibbva-logo.png\" class=\"attachment-full size-full wp-post-image\" alt=\"\" loading=\"lazy\" srcset=\"https:\/\/operaproperty.com\/wp-content\/uploads\/2017\/02\/garantibbva-logo.png 324w, https:\/\/operaproperty.com\/wp-content\/uploads\/2017\/02\/garantibbva-logo-300x52.png 300w\" sizes=\"(max-width: 324px) 100vw, 324px\" \/>\t\t\t\t\t<\/a>\r\n\t\t\t\t\t\t\t\t<\/div>\r\n\t\t\t<\/div>\r\n\t\t\t\t\t<div class=\"item\">\r\n\t\t\t\t<div class=\"mh-client\">\r\n\t\t\t\t\t\t\t\t\t\t<a href=\"http:\/\/www.mixxtravel.com\/\" title=\"Mixx Travel\"\r\n\t\t\t\t\t   target=\"_blank\">\r\n\t\t\t\t\t\t<img width=\"324\" height=\"56\" src=\"https:\/\/operaproperty.com\/wp-content\/uploads\/2017\/02\/mixx-travel.png\" class=\"attachment-full size-full wp-post-image\" alt=\"\" loading=\"lazy\" srcset=\"https:\/\/operaproperty.com\/wp-content\/uploads\/2017\/02\/mixx-travel.png 324w, https:\/\/operaproperty.com\/wp-content\/uploads\/2017\/02\/mixx-travel-300x52.png 300w\" sizes=\"(max-width: 324px) 100vw, 324px\" \/>\t\t\t\t\t<\/a>\r\n\t\t\t\t\t\t\t\t<\/div>\r\n\t\t\t<\/div>\r\n\t\t\t\t\t<div class=\"item\">\r\n\t\t\t\t<div class=\"mh-client\">\r\n\t\t\t\t\t\t\t\t\t\t<a href=\"https:\/\/www.kamburoglu.com.tr\/\" title=\"Kamburoglu\"\r\n\t\t\t\t\t   target=\"_blank\">\r\n\t\t\t\t\t\t<img width=\"324\" height=\"56\" src=\"https:\/\/operaproperty.com\/wp-content\/uploads\/2017\/02\/kamburoglu.png\" class=\"attachment-full size-full wp-post-image\" alt=\"\" loading=\"lazy\" srcset=\"https:\/\/operaproperty.com\/wp-content\/uploads\/2017\/02\/kamburoglu.png 324w, https:\/\/operaproperty.com\/wp-content\/uploads\/2017\/02\/kamburoglu-300x52.png 300w\" sizes=\"(max-width: 324px) 100vw, 324px\" \/>\t\t\t\t\t<\/a>\r\n\t\t\t\t\t\t\t\t<\/div>\r\n\t\t\t<\/div>\r\n\t\t\t\t\t<div class=\"item\">\r\n\t\t\t\t<div class=\"mh-client\">\r\n\t\t\t\t\t\t\t\t\t\t<a href=\"https:\/\/www.enzahome.com.tr\/\" title=\"Enza Home\"\r\n\t\t\t\t\t   target=\"_blank\">\r\n\t\t\t\t\t\t<img width=\"324\" height=\"56\" src=\"https:\/\/operaproperty.com\/wp-content\/uploads\/2017\/02\/enza-logo.png\" class=\"attachment-full size-full wp-post-image\" alt=\"\" loading=\"lazy\" srcset=\"https:\/\/operaproperty.com\/wp-content\/uploads\/2017\/02\/enza-logo.png 324w, https:\/\/operaproperty.com\/wp-content\/uploads\/2017\/02\/enza-logo-300x52.png 300w\" sizes=\"(max-width: 324px) 100vw, 324px\" \/>\t\t\t\t\t<\/a>\r\n\t\t\t\t\t\t\t\t<\/div>\r\n\t\t\t<\/div>\r\n\t\t\t\t\t<div class=\"item\">\r\n\t\t\t\t<div class=\"mh-client\">\r\n\t\t\t\t\t\t\t\t\t\t<a href=\"http:\/\/www.leartes.net\" title=\"Leartes.NET\"\r\n\t\t\t\t\t   target=\"_blank\">\r\n\t\t\t\t\t\t<img width=\"324\" height=\"56\" src=\"https:\/\/operaproperty.com\/wp-content\/uploads\/2017\/02\/logo-leartes_net.png\" class=\"attachment-full size-full wp-post-image\" alt=\"\" loading=\"lazy\" srcset=\"https:\/\/operaproperty.com\/wp-content\/uploads\/2017\/02\/logo-leartes_net.png 324w, https:\/\/operaproperty.com\/wp-content\/uploads\/2017\/02\/logo-leartes_net-300x52.png 300w\" sizes=\"(max-width: 324px) 100vw, 324px\" \/>\t\t\t\t\t<\/a>\r\n\t\t\t\t\t\t\t\t<\/div>\r\n\t\t\t<\/div>\r\n\t\t\t<\/div>\r\n[\/vc_column][\/vc_row]<\/p>","protected":false},"excerpt":{"rendered":"<p>[vc_row][vc_column css=&#8221;.vc_custom_1512407858131{padding-top: 12px !important;padding-bottom: 24px !important;}&#8221;][vc_column_text]\u0627\u0645\u0644\u0627\u06a9 \u0627\u067e\u0631\u0627 \u0641\u0642\u0637 \u06cc\u06a9 \u0631\u0627\u0647 \u062d\u0644 \u0627\u0645\u0644\u0627\u06a9 \u0648 \u0645\u0633\u062a\u063a\u0644\u0627\u062a \u0646\u06cc\u0633\u062a \u060c \u0628\u0644\u06a9\u0647 \u062f\u0631 \u062a\u0645\u0627\u0645 \u0645\u0631\u0627\u062d\u0644 \u0631\u0648\u0634 \u062e\u0631\u06cc\u062f \u0627\u0645\u0644\u0627\u06a9 \u0648 \u0645\u0633\u062a\u063a\u0644\u0627\u062a \u060c \u062e\u062f\u0645\u0627\u062a \u067e\u0633 \u0627\u0632 \u0641\u0631\u0648\u0634 \u060c \u0645\u062f\u06cc\u0631\u06cc\u062a \u0627\u0645\u0644\u0627\u06a9 \u0648 \u0645\u0633\u062a\u063a\u0644\u0627\u062a \u067e\u0634\u062a\u06cc\u0628\u0627\u0646\u06cc \u0645\u0634\u062a\u0631\u06cc \u0627\u0633\u062a \u06a9\u0647 \u0628\u0631\u0627\u0633\u0627\u0633 \u0631\u0648\u06cc\u06a9\u0631\u062f \u0641\u0631\u062f\u06cc \u0647\u0631 \u0645\u0634\u062a\u0631\u06cc \u0627\u0633\u062a. \u0627\u0645\u0644\u0627\u06a9 \u0627\u067e\u0631\u0627 \u06cc\u06a9 \u062f\u0648\u0633\u062a \u060c \u06cc\u0627\u0631 \u0648 \u0634\u0631\u06cc\u06a9 \u0642\u0627\u0628\u0644 \u0627\u0639\u062a\u0645\u0627\u062f [&hellip;]<\/p>\n","protected":false},"author":1,"featured_media":20143,"parent":0,"menu_order":0,"comment_status":"closed","ping_status":"closed","template":"page_full-width-with-top-title.php","meta":[],"_links":{"self":[{"href":"https:\/\/operaproperty.com\/fa\/wp-json\/wp\/v2\/pages\/1719"}],"collection":[{"href":"https:\/\/operaproperty.com\/fa\/wp-json\/wp\/v2\/pages"}],"about":[{"href":"https:\/\/operaproperty.com\/fa\/wp-json\/wp\/v2\/types\/page"}],"author":[{"embeddable":true,"href":"https:\/\/operaproperty.com\/fa\/wp-json\/wp\/v2\/users\/1"}],"replies":[{"embeddable":true,"href":"https:\/\/operaproperty.com\/fa\/wp-json\/wp\/v2\/comments?post=1719"}],"version-history":[{"count":4,"href":"https:\/\/operaproperty.com\/fa\/wp-json\/wp\/v2\/pages\/1719\/revisions"}],"predecessor-version":[{"id":22581,"href":"https:\/\/operaproperty.com\/fa\/wp-json\/wp\/v2\/pages\/1719\/revisions\/22581"}],"wp:featuredmedia":[{"embeddable":true,"href":"https:\/\/operaproperty.com\/fa\/wp-json\/wp\/v2\/media\/20143"}],"wp:attachment":[{"href":"https:\/\/operaproperty.com\/fa\/wp-json\/wp\/v2\/media?parent=1719"}],"curies":[{"name":"wp","href":"https:\/\/api.w.org\/{rel}","templated":true}]}}