{"id":1674,"date":"2017-05-05T10:50:45","date_gmt":"2017-05-05T10:50:45","guid":{"rendered":"http:\/\/export-1.test-tangibledesign.net\/?page_id=1674"},"modified":"2021-01-06T10:00:28","modified_gmt":"2021-01-06T10:00:28","slug":"contact","status":"publish","type":"page","link":"https:\/\/operaproperty.com\/fa\/contact\/","title":{"rendered":"\u062a\u0645\u0627\u0633"},"content":{"rendered":"<p>[vc_row full_width=&#8221;stretch_row_content_no_spaces&#8221;][vc_column][vc_gmaps link=&#8221;#E-8_JTNDaWZyYW1lJTIwc3JjJTNEJTIyaHR0cHMlM0ElMkYlMkZ3d3cuZ29vZ2xlLmNvbSUyRm1hcHMlMkZlbWJlZCUzRnBiJTNEJTIxMW0xOCUyMTFtMTIlMjExbTMlMjExZDMyMDUuMjA3MDkyNjg0NzYzJTIxMmQzMS45ODc2NTAzMTQ4MTI2NyUyMTNkMzYuNTQ5MTE5Mjg5NDkzMzIlMjEybTMlMjExZjAlMjEyZjAlMjEzZjAlMjEzbTIlMjExaTEwMjQlMjEyaTc2OCUyMTRmMTMuMSUyMTNtMyUyMTFtMiUyMTFzMHgxNGRjYTI4M2I1NmY4ZWQzJTI1M0EweDk3ZjEzZmZkYjcyYTAzNDglMjEyc1NhcmF5JTI1MkMlMjUyMFl1bnVzJTI1MjBFbXJlJTI1MjBDZC4lMjUyME5vJTI1M0EzNSUyNTJDJTI1MjAwNzQwMCUyNTIwQWxhbnlhJTI1MkZBbnRhbHlhJTIxNWUwJTIxM20yJTIxMXNlbiUyMTJzdHIlMjE0djE2MDk4NjM4NTQwMDIlMjE1bTIlMjExc2VuJTIxMnN0ciUyMiUyMHdpZHRoJTNEJTIyNjAwJTIyJTIwaGVpZ2h0JTNEJTIyMzUwJTIyJTIwZnJhbWVib3JkZXIlM0QlMjIwJTIyJTIwc3R5bGUlM0QlMjJib3JkZXIlM0EwJTNCJTIyJTIwYWxsb3dmdWxsc2NyZWVuJTNEJTIyJTIyJTIwYXJpYS1oaWRkZW4lM0QlMjJmYWxzZSUyMiUyMHRhYmluZGV4JTNEJTIyMCUyMiUzRSUzQyUyRmlmcmFtZSUzRQ==&#8221; css=&#8221;.vc_custom_1609926678889{margin-top: 0px !important;margin-right: 0px !important;margin-bottom: 0px !important;margin-left: 0px !important;border-top-width: 0px !important;border-right-width: 0px !important;border-bottom-width: 0px !important;border-left-width: 0px !important;padding-top: 0px !important;padding-right: 0px !important;padding-bottom: 0px !important;padding-left: 0px !important;}&#8221;][\/vc_column][\/vc_row][vc_row full_width=&#8221;stretch_row&#8221; css=&#8221;.vc_custom_1579341302886{border-top-width: 3px !important;border-top-color: #dd9933 !important;border-top-style: solid !important;}&#8221;][vc_column]<div class=\"mh-heading-wrapper--left \">\r\n\t\r\n        <div class=\"mh-heading-wrapper\">\r\n            <h2            class=\"mh-heading  mh-heading--bottom-separator   \"\r\n            style=\"font-weight:700;\">\r\n\t\t\t\u062a\u0645\u0627\u0633 \u0628\u0627 \u0645\u0627        <\/h2>\r\n\r\n\t\t    <\/div>\r\n\r\n\t<\/div>[vc_column_text]\u0627\u0632 \u0627\u0637\u0644\u0627\u0639\u0627\u062a \u0632\u06cc\u0631 \u0628\u0631\u0627\u06cc \u062a\u0645\u0627\u0633 \u0628\u0627 \u0645\u0627 \u0627\u0633\u062a\u0641\u0627\u062f\u0647 \u06a9\u0646\u06cc\u062f \u06cc\u0627 \u0628\u0627 \u0627\u0633\u062a\u0641\u0627\u062f\u0647 \u0627\u0632 \u0641\u0631\u0645 \u062a\u0645\u0627\u0633 \u067e\u06cc\u0627\u0645 \u0628\u0641\u0631\u0633\u062a\u06cc\u062f.[\/vc_column_text][\/vc_column][\/vc_row][vc_row full_width=&#8221;stretch_row&#8221; equal_height=&#8221;yes&#8221; css=&#8221;.vc_custom_1579341147743{margin-bottom: 48px !important;}&#8221;][vc_column width=&#8221;5\/12&#8243; css=&#8221;.vc_custom_1579345310746{padding-right: 24px !important;}&#8221; el_class=&#8221;wpcf7-container&#8221;][vc_column_text]<strong>Opera Property<\/strong><br \/>\nSaray Mah. Yunus Emre Cad. M\u00fckerrem Bey Apt. No:35\/A<br \/>\n07400 Alanya &#8211; TURKEY<\/p>\n<ul class=\"fa-ul\" style=\"direction: ltr;\">\n<li style=\"margin-right: -10px;\"><a href=\"tel:+902425194940\">+90 242 519 49 40<\/a><i class=\"fa-li fa fa-phone-square\" style=\"position: initial;\"><\/i><\/li>\n<li style=\"margin-right: -10px;\"><a href=\"https:\/\/wa.me\/+905323400331\" target=\"_blank\" rel=\"noopener\">+90 532 340 03 31<\/a><i class=\"fa-li fa fa-whatsapp\" style=\"position: initial;\"><\/i><\/li>\n<li style=\"margin-right: -10px;\"><a href=\"mailto:info@operaproperty.com\">info@operaproperty.com<\/a><i class=\"fa-li fa fa-envelope\" style=\"position: initial;\"><\/i><\/li>\n<\/ul>\n<p>[\/vc_column_text]<div class=\"mh-heading-wrapper--left \">\r\n\t\r\n        <div class=\"mh-heading-wrapper\">\r\n            <h4            class=\"mh-heading     \"\r\n            style=\"font-weight:700;\">\r\n\t\t\t\u0641\u0631\u0645 \u062a\u0645\u0627\u0633        <\/h4>\r\n\r\n\t\t    <\/div>\r\n\r\n\t<\/div>\n<div class=\"wpcf7 no-js\" id=\"wpcf7-f3377-o4\" lang=\"fa-IR\" dir=\"rtl\">\n<div class=\"screen-reader-response\"><p role=\"status\" aria-live=\"polite\" aria-atomic=\"true\"><\/p> <ul><\/ul><\/div>\n<form action=\"\/fa\/wp-json\/wp\/v2\/pages\/1674#wpcf7-f3377-o4\" method=\"post\" class=\"wpcf7-form init\" aria-label=\"\u0641\u0631\u0645 \u062a\u0645\u0627\u0633\" novalidate=\"novalidate\" data-status=\"init\">\n<div style=\"display: none;\">\n<input type=\"hidden\" name=\"_wpcf7\" value=\"3377\" \/>\n<input type=\"hidden\" name=\"_wpcf7_version\" value=\"5.7.7\" \/>\n<input type=\"hidden\" name=\"_wpcf7_locale\" value=\"fa_IR\" \/>\n<input type=\"hidden\" name=\"_wpcf7_unit_tag\" value=\"wpcf7-f3377-o4\" \/>\n<input type=\"hidden\" name=\"_wpcf7_container_post\" value=\"0\" \/>\n<input type=\"hidden\" name=\"_wpcf7_posted_data_hash\" value=\"\" \/>\n<input type=\"hidden\" name=\"_wpcf7_recaptcha_response\" value=\"\" \/>\n<\/div>\n<p><label><span class=\"wpcf7-form-control-wrap\" data-name=\"your-name\"><input size=\"40\" class=\"wpcf7-form-control wpcf7-text wpcf7-validates-as-required\" aria-required=\"true\" aria-invalid=\"false\" placeholder=\"\u0646\u0627\u0645 *\" value=\"\" type=\"text\" name=\"your-name\" \/><\/span><\/label><br \/>\n<label><span class=\"wpcf7-form-control-wrap\" data-name=\"your-email\"><input size=\"40\" class=\"wpcf7-form-control wpcf7-text wpcf7-email wpcf7-validates-as-required wpcf7-validates-as-email\" aria-required=\"true\" aria-invalid=\"false\" placeholder=\"\u0627\u06cc\u0645\u06cc\u0644 \u0634\u0645\u0627 *\" value=\"\" type=\"email\" name=\"your-email\" \/><\/span><\/label><br \/>\n<label><span class=\"wpcf7-form-control-wrap\" data-name=\"your-subject\"><input size=\"40\" class=\"wpcf7-form-control wpcf7-text\" aria-invalid=\"false\" placeholder=\"\u0645\u0648\u0636\u0648\u0639\" value=\"\" type=\"text\" name=\"your-subject\" \/><\/span> <\/label><br \/>\n<label><span class=\"wpcf7-form-control-wrap\" data-name=\"your-message\"><textarea cols=\"40\" rows=\"4\" class=\"wpcf7-form-control wpcf7-textarea\" aria-invalid=\"false\" placeholder=\"\u067e\u06cc\u0627\u0645\" name=\"your-message\"><\/textarea><\/span> <\/label><br \/>\n<input class=\"wpcf7-form-control has-spinner wpcf7-submit\" type=\"submit\" value=\"\u0627\u0631\u0633\u0627\u0644\" \/>\n<\/p><input type='hidden' class='wpcf7-pum' value='{\"closepopup\":false,\"closedelay\":0,\"openpopup\":false,\"openpopup_id\":0}' \/><div class=\"wpcf7-response-output\" aria-hidden=\"true\"><\/div>\n<\/form>\n<\/div>\n<div class=\"essbfc-container essbfc-container-profiles essbfc-col-profiles essbfc-template-metro\"><ul><li class=\"essbfc-facebook\"><a href=\"#\" target=\"_blank\" rel=\"nofollow\" title=\"\"><div class=\"essbfc-network\"><i class=\"essbfc-icon essbfc-icon-facebook\"><\/i><\/div><\/a><\/li><li class=\"essbfc-twitter\"><a href=\"#\" target=\"_blank\" rel=\"nofollow\" title=\"\"><div class=\"essbfc-network\"><i class=\"essbfc-icon essbfc-icon-twitter\"><\/i><\/div><\/a><\/li><li class=\"essbfc-instagram\"><a href=\"#\" target=\"_blank\" rel=\"nofollow\" title=\"\"><div class=\"essbfc-network\"><i class=\"essbfc-icon essbfc-icon-instagram\"><\/i><\/div><\/a><\/li><li class=\"essbfc-youtube\"><a href=\"#\" target=\"_blank\" rel=\"nofollow\" title=\"\"><div class=\"essbfc-network\"><i class=\"essbfc-icon essbfc-icon-youtube\"><\/i><\/div><\/a><\/li><li class=\"essbfc-vk\"><a href=\"#\" target=\"_blank\" rel=\"nofollow\" title=\"\"><div class=\"essbfc-network\"><i class=\"essbfc-icon essbfc-icon-vk\"><\/i><\/div><\/a><\/li><li class=\"essbfc-whatsapp\"><a href=\"https:\/\/wa.me\/+905323248895\" target=\"_blank\" rel=\"nofollow\" title=\"\"><div class=\"essbfc-network\"><i class=\"essbfc-icon essbfc-icon-whatsapp\"><\/i><\/div><\/a><\/li><li class=\"essbfc-telegram\"><a href=\"#\" target=\"_blank\" rel=\"nofollow\" title=\"\"><div class=\"essbfc-network\"><i class=\"essbfc-icon essbfc-icon-telegram\"><\/i><\/div><\/a><\/li><\/ul><\/div>[\/vc_column][vc_column width=&#8221;7\/12&#8243; css=&#8221;.vc_custom_1494336835635{padding-right: 24px !important;padding-left: 24px !important;background-color: #f4f4f4 !important;}&#8221;]<div class=\"mh-heading-wrapper--left \">\r\n\t\r\n        <div class=\"mh-heading-wrapper\">\r\n            <h4            class=\"mh-heading     \"\r\n            style=\"font-weight:700;\">\r\n\t\t\t\u062a\u06cc\u0645 \u0645\u0627        <\/h4>\r\n\r\n\t\t    <\/div>\r\n\r\n\t<\/div>[vc_column_text]\u0646\u0638\u0631\u0627\u062a \u0648 \u0627\u06cc\u062f\u0647 \u0647\u0627\u06cc \u0634\u0645\u0627 \u0647\u0645\u06cc\u0634\u0647 \u0628\u0631\u0627\u06cc \u0645\u0627 \u0628\u0633\u06cc\u0627\u0631 \u0645\u0647\u0645 \u0627\u0633\u062a.<br \/>\n\u0628\u0627 \u0627\u0637\u0644\u0627\u0639\u0627\u062a \u062a\u0645\u0627\u0633 \u0632\u06cc\u0631 \u06cc\u0627 \u0628\u0627 \u0627\u0633\u062a\u0641\u0627\u062f\u0647 \u0627\u0632 \u0641\u0631\u0645 \u0645\u06cc \u062a\u0648\u0627\u0646\u06cc\u062f \u062f\u0631 \u0647\u0631 \u0632\u0645\u0627\u0646 \u0628\u0627 \u0645\u0627 \u062a\u0645\u0627\u0633 \u0628\u06af\u06cc\u0631\u06cc\u062f.[\/vc_column_text]\t<div class=\"owl-carousel owl-carousel--visible-2 \">\n\n\t\t\n\t\t\t<div class=\"mh-agent \">\n\t\t\t\t<div\n\t\t\t\t   class=\"mh-agent__thumbnail\"\n\t\t\t\t   title=\"Tetiana Bohoslov\">\n\t\t\t\t\t\t\t\t\t<\/div>\n\n\t\t\t\t<div class=\"mh-agent__content\">\n\t\t\t\t\t<h3 class=\"mh-agent__heading\">Tetiana Bohoslov<\/h3>\n\n\t\t\t\t\t\n\t\t\t\t\t\t\t\t\t\t\t<div class=\"mh-agent__additional-fields\">\n\t\t\t\t\t\t\t\t\t\t\t\t\t\t\t\t\t\t\t\t\t\t\t\t\t\t\t\t\t<\/div>\n\t\t\t\t\t\n\t\t\t\t\t<div class=\"mh-agent-contact\">\n\t\t\t\t\t\t\t\t\t\t\t\t\t\t\t\t\t\t\t\t\t<div class=\"mh-agent-contact__element\">\n\t\t\t\t\t\t\t\t\t<a href=\"mailto:tetiana@operaproperty.com\">\n\t\t\t\t\t\t\t\t\t\t<i class=\"flaticon-mail-2\"><\/i>\n\t\t\t\t\t\t\t\t\t\ttetiana@operaproperty.com\t\t\t\t\t\t\t\t\t<\/a>\n\t\t\t\t\t\t\t\t<\/div>\n\t\t\t\t\t\t\t\t\t\t\t\t\t\n\t\t\t\t\t\t\t\t\t\t\t\t\t\t\t\t\t\t\t\t\t\t\t\t<\/div>\n\n\t\t\t\t\t\n\t\t\t\t\t\t\t\t\t<\/div>\n\t\t\t<\/div>\n\n\t\t\n\t\t\t<div class=\"mh-agent \">\n\t\t\t\t<div\n\t\t\t\t   class=\"mh-agent__thumbnail\"\n\t\t\t\t   title=\"Daria Batrak\">\n\t\t\t\t\t\t\t<img\r\n\t\t\t\t\t\t\tdata-srcset=\"https:\/\/operaproperty.com\/wp-content\/uploads\/2022\/07\/E32EB8B6-D7C9-4D71-B258-5045C6F69D1D-100x100.jpeg 100w, https:\/\/operaproperty.com\/wp-content\/uploads\/2022\/07\/E32EB8B6-D7C9-4D71-B258-5045C6F69D1D-300x300.jpeg 300w, https:\/\/operaproperty.com\/wp-content\/uploads\/2022\/07\/E32EB8B6-D7C9-4D71-B258-5045C6F69D1D-1024x1024.jpeg 1024w, https:\/\/operaproperty.com\/wp-content\/uploads\/2022\/07\/E32EB8B6-D7C9-4D71-B258-5045C6F69D1D-150x150.jpeg 150w, https:\/\/operaproperty.com\/wp-content\/uploads\/2022\/07\/E32EB8B6-D7C9-4D71-B258-5045C6F69D1D-768x768.jpeg 768w, https:\/\/operaproperty.com\/wp-content\/uploads\/2022\/07\/E32EB8B6-D7C9-4D71-B258-5045C6F69D1D-1536x1536.jpeg 1536w, https:\/\/operaproperty.com\/wp-content\/uploads\/2022\/07\/E32EB8B6-D7C9-4D71-B258-5045C6F69D1D-400x400.jpeg 400w, https:\/\/operaproperty.com\/wp-content\/uploads\/2022\/07\/E32EB8B6-D7C9-4D71-B258-5045C6F69D1D-200x200.jpeg 200w, https:\/\/operaproperty.com\/wp-content\/uploads\/2022\/07\/E32EB8B6-D7C9-4D71-B258-5045C6F69D1D.jpeg 1709w\"\r\n\t\t\t\tclass=\"lazyload \"\r\n\t\t\t\tdata-sizes=\"auto\"\r\n\t\t\t\t\t\talt=\"Daria Batrak\"\r\n\t\t>\r\n\t\t\t\t\t\t<\/div>\n\n\t\t\t\t<div class=\"mh-agent__content\">\n\t\t\t\t\t<h3 class=\"mh-agent__heading\">Daria Batrak<\/h3>\n\n\t\t\t\t\t\n\t\t\t\t\t\t\t\t\t\t\t<div class=\"mh-agent__additional-fields\">\n\t\t\t\t\t\t\t\t\t\t\t\t\t\t\t\t\t\t\t\t\t\t\t<div class=\"mh-agent__additional-fields__item organization\">\n                                    <strong>Co-founder<\/strong>\t\t\t\t\t\t\t\t<\/div>\n\t\t\t\t\t\t\t\t\t\t\t\t\t\t\t\t\t\t\t\t\t<\/div>\n\t\t\t\t\t\n\t\t\t\t\t<div class=\"mh-agent-contact\">\n\t\t\t\t\t\t\t\t\t\t\t\t\t\t\t\t\t\t\t\t\t<div class=\"mh-agent-contact__element\">\n\t\t\t\t\t\t\t\t\t<a href=\"mailto:daria@operaproperty.com\">\n\t\t\t\t\t\t\t\t\t\t<i class=\"flaticon-mail-2\"><\/i>\n\t\t\t\t\t\t\t\t\t\tdaria@operaproperty.com\t\t\t\t\t\t\t\t\t<\/a>\n\t\t\t\t\t\t\t\t<\/div>\n\t\t\t\t\t\t\t\t\t\t\t\t\t\n\t\t\t\t\t\t\t\t\t\t\t\t\t\t\t\t\t\t\t\t\t<div class=\"mh-agent-contact__element\">\n\t\t\t\t\t\t\t\t\t<a href=\"tel:+905538986588\">\n\t\t\t\t\t\t\t\t\t\t<i class=\"flaticon-phone\"><\/i>\n\t\t\t\t\t\t\t\t\t\t+90 553 898 6588\t\t\t\t\t\t\t\t\t<\/a>\n\t\t\t\t\t\t\t\t<\/div>\n\t\t\t\t\t\t\t\t\t\t\t\t\t\t\t\t\t\t<\/div>\n\n\t\t\t\t\t\t\t\t\t\t\t<div class=\"mh-agent__social-wrapper\">\n\t\t\t\t\t\t\t<div class=\"mh-agent__social\">\n\t\t\t\t\t\t\t\t    <a href=\"https:\/\/facebook.com\"\r\n       target=\"_blank\">\r\n        <i class=\"fa fa-facebook\"><\/i>\r\n    <\/a>\r\n    <a href=\"https:\/\/twitter.com\"\r\n       target=\"_blank\">\r\n        <i class=\"fa fa-twitter\"><\/i>\r\n    <\/a>\r\n    <a href=\"https:\/\/instagram.com\"\r\n       target=\"_blank\">\r\n        <i class=\"fa fa-instagram\"><\/i>\r\n    <\/a>\r\n\t\t\t\t\t\t\t<\/div>\n\t\t\t\t\t\t<\/div>\n\t\t\t\t\t\n\t\t\t\t\t\t\t\t\t<\/div>\n\t\t\t<\/div>\n\n\t\t\n\t\t\t<div class=\"mh-agent \">\n\t\t\t\t<div\n\t\t\t\t   class=\"mh-agent__thumbnail\"\n\t\t\t\t   title=\"Ayta\u00e7 Sar\u0131do\u011fan\">\n\t\t\t\t\t\t\t<img\r\n\t\t\t\t\t\t\tdata-srcset=\"https:\/\/operaproperty.com\/wp-content\/uploads\/2021\/01\/team-default-male-100x100.png 100w, https:\/\/operaproperty.com\/wp-content\/uploads\/2021\/01\/team-default-male-300x300.png 300w, https:\/\/operaproperty.com\/wp-content\/uploads\/2021\/01\/team-default-male-150x150.png 150w, https:\/\/operaproperty.com\/wp-content\/uploads\/2021\/01\/team-default-male-400x400.png 400w, https:\/\/operaproperty.com\/wp-content\/uploads\/2021\/01\/team-default-male-200x200.png 200w, https:\/\/operaproperty.com\/wp-content\/uploads\/2021\/01\/team-default-male.png 512w\"\r\n\t\t\t\tclass=\"lazyload \"\r\n\t\t\t\tdata-sizes=\"auto\"\r\n\t\t\t\t\t\talt=\"Ayta\u00e7 Sar\u0131do\u011fan\"\r\n\t\t>\r\n\t\t\t\t\t\t<\/div>\n\n\t\t\t\t<div class=\"mh-agent__content\">\n\t\t\t\t\t<h3 class=\"mh-agent__heading\">Ayta\u00e7 Sar\u0131do\u011fan<\/h3>\n\n\t\t\t\t\t\n\t\t\t\t\t\t\t\t\t\t\t<div class=\"mh-agent__additional-fields\">\n\t\t\t\t\t\t\t\t\t\t\t\t\t\t\t\t\t\t\t\t\t\t\t<div class=\"mh-agent__additional-fields__item organization\">\n                                    <strong>\u0645\u0627\u0644\u06a9 \u0648 \u0645\u0648\u0633\u0633<\/strong>\t\t\t\t\t\t\t\t<\/div>\n\t\t\t\t\t\t\t\t\t\t\t\t\t\t\t\t\t\t\t\t\t\t\t<div class=\"mh-agent__additional-fields__item sort-order\">\n                                        \t\t\t\t\t\t\t\t\t<strong>\n    \t\t\t\t\t\t\t\t\t\tSort Order:\n    \t\t\t\t\t\t\t\t\t<\/strong>\n    \t\t\t\t\t\t\t\t\t10\t\t\t\t\t\t\t\t<\/div>\n\t\t\t\t\t\t\t\t\t\t\t\t\t<\/div>\n\t\t\t\t\t\n\t\t\t\t\t<div class=\"mh-agent-contact\">\n\t\t\t\t\t\t\t\t\t\t\t\t\t\t\t\t\t\t\t\t\t<div class=\"mh-agent-contact__element\">\n\t\t\t\t\t\t\t\t\t<a href=\"mailto:aytac@operaproperty.com\">\n\t\t\t\t\t\t\t\t\t\t<i class=\"flaticon-mail-2\"><\/i>\n\t\t\t\t\t\t\t\t\t\taytac@operaproperty.com\t\t\t\t\t\t\t\t\t<\/a>\n\t\t\t\t\t\t\t\t<\/div>\n\t\t\t\t\t\t\t\t\t\t\t\t\t\n\t\t\t\t\t\t\t\t\t\t\t\t\t\t\t\t\t\t\t\t\t<div class=\"mh-agent-contact__element\">\n\t\t\t\t\t\t\t\t\t<a href=\"tel:+905323400331\">\n\t\t\t\t\t\t\t\t\t\t<i class=\"flaticon-phone\"><\/i>\n\t\t\t\t\t\t\t\t\t\t+90 532 340 03 31\t\t\t\t\t\t\t\t\t<\/a>\n\t\t\t\t\t\t\t\t<\/div>\n\t\t\t\t\t\t\t\t\t\t\t\t\t\t\t\t\t\t<\/div>\n\n\t\t\t\t\t\t\t\t\t\t\t<div class=\"mh-agent__social-wrapper\">\n\t\t\t\t\t\t\t<div class=\"mh-agent__social\">\n\t\t\t\t\t\t\t\t    <a href=\"https:\/\/facebook.com\"\r\n       target=\"_blank\">\r\n        <i class=\"fa fa-facebook\"><\/i>\r\n    <\/a>\r\n    <a href=\"https:\/\/twitter.com\"\r\n       target=\"_blank\">\r\n        <i class=\"fa fa-twitter\"><\/i>\r\n    <\/a>\r\n    <a href=\"https:\/\/instagram.com\"\r\n       target=\"_blank\">\r\n        <i class=\"fa fa-instagram\"><\/i>\r\n    <\/a>\r\n    <a href=\"https:\/\/linkedin.com\"\r\n       target=\"_blank\">\r\n        <i class=\"fa fa-linkedin\"><\/i>\r\n    <\/a>\r\n\t\t\t\t\t\t\t<\/div>\n\t\t\t\t\t\t<\/div>\n\t\t\t\t\t\n\t\t\t\t\t\t\t\t\t<\/div>\n\t\t\t<\/div>\n\n\t\t\n\t<\/div>\n\n[\/vc_column][\/vc_row]<\/p>","protected":false},"excerpt":{"rendered":"<p>[vc_row full_width=&#8221;stretch_row_content_no_spaces&#8221;][vc_column][vc_gmaps link=&#8221;#E-8_JTNDaWZyYW1lJTIwc3JjJTNEJTIyaHR0cHMlM0ElMkYlMkZ3d3cuZ29vZ2xlLmNvbSUyRm1hcHMlMkZlbWJlZCUzRnBiJTNEJTIxMW0xOCUyMTFtMTIlMjExbTMlMjExZDMyMDUuMjA3MDkyNjg0NzYzJTIxMmQzMS45ODc2NTAzMTQ4MTI2NyUyMTNkMzYuNTQ5MTE5Mjg5NDkzMzIlMjEybTMlMjExZjAlMjEyZjAlMjEzZjAlMjEzbTIlMjExaTEwMjQlMjEyaTc2OCUyMTRmMTMuMSUyMTNtMyUyMTFtMiUyMTFzMHgxNGRjYTI4M2I1NmY4ZWQzJTI1M0EweDk3ZjEzZmZkYjcyYTAzNDglMjEyc1NhcmF5JTI1MkMlMjUyMFl1bnVzJTI1MjBFbXJlJTI1MjBDZC4lMjUyME5vJTI1M0EzNSUyNTJDJTI1MjAwNzQwMCUyNTIwQWxhbnlhJTI1MkZBbnRhbHlhJTIxNWUwJTIxM20yJTIxMXNlbiUyMTJzdHIlMjE0djE2MDk4NjM4NTQwMDIlMjE1bTIlMjExc2VuJTIxMnN0ciUyMiUyMHdpZHRoJTNEJTIyNjAwJTIyJTIwaGVpZ2h0JTNEJTIyMzUwJTIyJTIwZnJhbWVib3JkZXIlM0QlMjIwJTIyJTIwc3R5bGUlM0QlMjJib3JkZXIlM0EwJTNCJTIyJTIwYWxsb3dmdWxsc2NyZWVuJTNEJTIyJTIyJTIwYXJpYS1oaWRkZW4lM0QlMjJmYWxzZSUyMiUyMHRhYmluZGV4JTNEJTIyMCUyMiUzRSUzQyUyRmlmcmFtZSUzRQ==&#8221; css=&#8221;.vc_custom_1609926678889{margin-top: 0px !important;margin-right: 0px !important;margin-bottom: 0px !important;margin-left: 0px !important;border-top-width: 0px !important;border-right-width: 0px !important;border-bottom-width: 0px !important;border-left-width: 0px !important;padding-top: 0px !important;padding-right: 0px !important;padding-bottom: 0px !important;padding-left: 0px !important;}&#8221;][\/vc_column][\/vc_row][vc_row full_width=&#8221;stretch_row&#8221; css=&#8221;.vc_custom_1579341302886{border-top-width: 3px !important;border-top-color: #dd9933 !important;border-top-style: solid !important;}&#8221;][vc_column][vc_column_text]\u0627\u0632 \u0627\u0637\u0644\u0627\u0639\u0627\u062a \u0632\u06cc\u0631 \u0628\u0631\u0627\u06cc \u062a\u0645\u0627\u0633 \u0628\u0627 \u0645\u0627 \u0627\u0633\u062a\u0641\u0627\u062f\u0647 \u06a9\u0646\u06cc\u062f \u06cc\u0627 \u0628\u0627 \u0627\u0633\u062a\u0641\u0627\u062f\u0647 \u0627\u0632 \u0641\u0631\u0645 \u062a\u0645\u0627\u0633 \u067e\u06cc\u0627\u0645 \u0628\u0641\u0631\u0633\u062a\u06cc\u062f.[\/vc_column_text][\/vc_column][\/vc_row][vc_row full_width=&#8221;stretch_row&#8221; equal_height=&#8221;yes&#8221; css=&#8221;.vc_custom_1579341147743{margin-bottom: [&hellip;]<\/p>\n","protected":false},"author":1,"featured_media":0,"parent":0,"menu_order":0,"comment_status":"closed","ping_status":"closed","template":"page_full-width.php","meta":[],"_links":{"self":[{"href":"https:\/\/operaproperty.com\/fa\/wp-json\/wp\/v2\/pages\/1674"}],"collection":[{"href":"https:\/\/operaproperty.com\/fa\/wp-json\/wp\/v2\/pages"}],"about":[{"href":"https:\/\/operaproperty.com\/fa\/wp-json\/wp\/v2\/types\/page"}],"author":[{"embeddable":true,"href":"https:\/\/operaproperty.com\/fa\/wp-json\/wp\/v2\/users\/1"}],"replies":[{"embeddable":true,"href":"https:\/\/operaproperty.com\/fa\/wp-json\/wp\/v2\/comments?post=1674"}],"version-history":[{"count":4,"href":"https:\/\/operaproperty.com\/fa\/wp-json\/wp\/v2\/pages\/1674\/revisions"}],"predecessor-version":[{"id":3632,"href":"https:\/\/operaproperty.com\/fa\/wp-json\/wp\/v2\/pages\/1674\/revisions\/3632"}],"wp:attachment":[{"href":"https:\/\/operaproperty.com\/fa\/wp-json\/wp\/v2\/media?parent=1674"}],"curies":[{"name":"wp","href":"https:\/\/api.w.org\/{rel}","templated":true}]}}