{"id":2710,"date":"2018-06-16T12:58:17","date_gmt":"2018-06-16T12:58:17","guid":{"rendered":"https:\/\/myhometheme.net\/market\/?page_id=2710"},"modified":"2021-04-27T17:56:21","modified_gmt":"2021-04-27T17:56:21","slug":"after-you-bought-your-home-in-turkey","status":"publish","type":"page","link":"https:\/\/operaproperty.com\/de\/services\/after-you-bought-your-home-in-turkey\/","title":{"rendered":"Immobilienverwaltung"},"content":{"rendered":"<p>[vc_row][vc_column width=&#8221;1\/3&#8243;][vc_single_image image=&#8221;3340&#8243; img_size=&#8221;large&#8221; onclick=&#8221;link_image&#8221;][\/vc_column][vc_column width=&#8221;2\/3&#8243;][vc_column_text]Die Wahl eines kompetenten Verwalters Ihrer Immobilie in der T\u00fcrkei ist ein wichtiger Faktor, der den weiteren Zustand Ihres Hauses \/ Ihrer Wohnung beeinflusst.<\/p>\n<p>Jeder Eigent\u00fcmer erwartet vom Manager ein hohes Ma\u00df an Verantwortung, Rechenschaftspflicht und Kenntnis des Gesch\u00e4fts.[\/vc_column_text][\/vc_column][\/vc_row][vc_row][vc_column][vc_column_text]Die Wahl eines kompetenten Verwalters Ihrer Immobilie in der T\u00fcrkei ist ein wichtiger Faktor, der den weiteren Zustand Ihres Hauses \/ Ihrer Wohnung beeinflusst.<\/p>\n<p>Jeder Eigent\u00fcmer erwartet vom Manager ein hohes Ma\u00df an Verantwortung, Rechenschaftspflicht und Kenntnis des Gesch\u00e4fts.<\/p>\n<p>Opera Property bietet seinen Kunden eine individuelle Immobilienverwaltung in Alanya mit dem Ziel, die Einrichtung hervorragend zu funktionieren, die Wartungskosten zu senken und den Gewinn aus ihrer Nutzung zu steigern.<\/p>\n<p>Das Property Management Service Package enth\u00e4lt (Anpassungen sind zul\u00e4ssig):<\/p>\n<ul>\n<li>monatliche \u00dcberwachung des Zustands Ihrer Immobilie<\/li>\n<li>Zahlung der laufenden Zahlungen f\u00fcr Strom, Wasser, Telefon,<\/li>\n<li>Versorgungsunternehmen<\/li>\n<li>Zahlung der j\u00e4hrlichen Grundsteuer<\/li>\n<li>Organisation des Transfers<\/li>\n<li>Organisation der Reinigung Ihres Eigentums<\/li>\n<li>Unterst\u00fctzung bei Arbeiten im Zusammenhang mit Reparaturen, Fehlerbehebung usw.<\/li>\n<\/ul>\n<p>Miete Ihrer ImmobilieBeim Kauf von Immobilien mit Opera-Immobilien sind die ersten 6 Monate der Verwaltung des erworbenen Objekts kostenlos !!!![\/vc_column_text][\/vc_column][\/vc_row]<\/p>","protected":false},"excerpt":{"rendered":"<p>[vc_row][vc_column width=&#8221;1\/3&#8243;][vc_single_image image=&#8221;3340&#8243; img_size=&#8221;large&#8221; onclick=&#8221;link_image&#8221;][\/vc_column][vc_column width=&#8221;2\/3&#8243;][vc_column_text]Die Wahl eines kompetenten Verwalters Ihrer Immobilie in der T\u00fcrkei ist ein wichtiger Faktor, der den weiteren Zustand Ihres Hauses \/ Ihrer Wohnung beeinflusst. Jeder Eigent\u00fcmer erwartet vom Manager ein hohes Ma\u00df an Verantwortung, Rechenschaftspflicht und Kenntnis des Gesch\u00e4fts.[\/vc_column_text][\/vc_column][\/vc_row][vc_row][vc_column][vc_column_text]Die Wahl eines kompetenten Verwalters Ihrer Immobilie in der T\u00fcrkei ist ein [&hellip;]<\/p>\n","protected":false},"author":1,"featured_media":0,"parent":2708,"menu_order":0,"comment_status":"closed","ping_status":"closed","template":"page_right-sidebar-with-top-title.php","meta":[],"_links":{"self":[{"href":"https:\/\/operaproperty.com\/de\/wp-json\/wp\/v2\/pages\/2710"}],"collection":[{"href":"https:\/\/operaproperty.com\/de\/wp-json\/wp\/v2\/pages"}],"about":[{"href":"https:\/\/operaproperty.com\/de\/wp-json\/wp\/v2\/types\/page"}],"author":[{"embeddable":true,"href":"https:\/\/operaproperty.com\/de\/wp-json\/wp\/v2\/users\/1"}],"replies":[{"embeddable":true,"href":"https:\/\/operaproperty.com\/de\/wp-json\/wp\/v2\/comments?post=2710"}],"version-history":[{"count":4,"href":"https:\/\/operaproperty.com\/de\/wp-json\/wp\/v2\/pages\/2710\/revisions"}],"predecessor-version":[{"id":20243,"href":"https:\/\/operaproperty.com\/de\/wp-json\/wp\/v2\/pages\/2710\/revisions\/20243"}],"up":[{"embeddable":true,"href":"https:\/\/operaproperty.com\/de\/wp-json\/wp\/v2\/pages\/2708"}],"wp:attachment":[{"href":"https:\/\/operaproperty.com\/de\/wp-json\/wp\/v2\/media?parent=2710"}],"curies":[{"name":"wp","href":"https:\/\/api.w.org\/{rel}","templated":true}]}}