{"id":2708,"date":"2018-06-16T12:55:31","date_gmt":"2018-06-16T12:55:31","guid":{"rendered":"https:\/\/myhometheme.net\/market\/?page_id=2708"},"modified":"2021-01-06T12:18:13","modified_gmt":"2021-01-06T12:18:13","slug":"services","status":"publish","type":"page","link":"https:\/\/operaproperty.com\/de\/services\/","title":{"rendered":"Dienstleistungen"},"content":{"rendered":"<p>[vc_row full_width=&#8221;stretch_row&#8221; css=&#8221;.vc_custom_1579420767104{margin-bottom: 24px !important;}&#8221;][vc_column][vc_column_text]<\/p>\n<h5>In \u00dcbereinstimmung mit unserer Qualit\u00e4tspolitik, die sich aus unserer Mission, Vision und unseren Grundwerten zusammensetzt, glauben wir auch an die enorme Bedeutung der Kundenzufriedenheit, die durch unsere Produkte und Dienstleistungen geschaffen wird.<\/h5>\n<p>Um Ihnen den bestm\u00f6glichen Service zu bieten, haben wir von &#8220;<strong>Opera Property<\/strong>&#8221; unser Engagement f\u00fcr die Kundenzufriedenheit durch allgemeine Strategien und Bem\u00fchungen zur Verbesserung der Kundenbeziehungsprozesse verst\u00e4rkt.[\/vc_column_text]<div class=\"mh-heading-wrapper--left \">\r\n\t\r\n        <div class=\"mh-heading-wrapper\">\r\n            <h4            class=\"mh-heading  mh-heading--bottom-separator   \"\r\n            style=\"font-weight:700;\">\r\n\t\t\tUnser Service f\u00fcr Sie!        <\/h4>\r\n\r\n\t\t    <\/div>\r\n\r\n\t<\/div>[vc_column_text]Wir bieten eine besondere Art von Service.<br \/>\nBei uns sind Sie in sicheren H\u00e4nden. Genie\u00dfe deine kostbare Zeit. Was auch immer Sie brauchen, wir werden f\u00fcr Sie da sein.[\/vc_column_text][\/vc_column][\/vc_row][vc_row][vc_column width=&#8221;1\/3&#8243;]\n<div id=\"interactive-banner-1-wrap-9086\" class=\"ult-banner-block ult-adjust-bottom-margin ult-bb-box ult-banner-block-custom-height banner-style01 \"   style=\"height:240px;\">\n\t<img src=\"https:\/\/operaproperty.com\/wp-content\/uploads\/2020\/12\/tapu.jpg\" alt=\"null\">\n\t<h2  data-ultimate-target='#interactive-banner-1-wrap-9086 .bb-top-title '  data-responsive-json-new='{\"font-size\":\"\",\"line-height\":\"\"}'  class=\"title-left bb-top-title ult-responsive\" style=\"font-weight:normal;background:#242424;color:#ffffff;\">Tapu (Eigentumsurkunde)<\/h2>\n\t<div class=\"mask opaque-background\" style=\"background:#dd9933;\">\n\t\t<div  data-ultimate-target='#interactive-banner-1-wrap-9086 .bb-description'  data-responsive-json-new='{\"font-size\":\"\",\"line-height\":\"\"}'  class=\"bb-description ult-responsive\" style=\"font-weight:normal;color:#ffffff;\">Die legale Registrierung oder Tapu, wie es auf T\u00fcrkisch genannt wird, ist eine offizielle Registrierung eines Immobilienerwerbs und der einzige Beweis daf\u00fcr, dass Sie der Eigent\u00fcmer der Immobilie sind, die Sie kaufen.<\/div>\n\t<\/div><a class=\"bb-link\" href=\"\/de\/services\/tapu-title-deed\/\" title=\"Tapu (Title deed)\" ><\/a>\n<\/div>[\/vc_column][vc_column width=&#8221;1\/3&#8243;]\n<div id=\"interactive-banner-1-wrap-3664\" class=\"ult-banner-block ult-adjust-bottom-margin ult-bb-box ult-banner-block-custom-height banner-style01 \"   style=\"height:240px;\">\n\t<img src=\"https:\/\/operaproperty.com\/wp-content\/uploads\/2020\/12\/service_after_sale.jpg\" alt=\"null\">\n\t<h2  data-ultimate-target='#interactive-banner-1-wrap-3664 .bb-top-title '  data-responsive-json-new='{\"font-size\":\"\",\"line-height\":\"\"}'  class=\"title-left bb-top-title ult-responsive\" style=\"font-weight:normal;background:#242424;color:#ffffff;\">Nachdem Sie gekauft zu Hause in der T\u00fcrkei<\/h2>\n\t<div class=\"mask opaque-background\" style=\"background:#dd9933;\">\n\t\t<div  data-ultimate-target='#interactive-banner-1-wrap-3664 .bb-description'  data-responsive-json-new='{\"font-size\":\"\",\"line-height\":\"\"}'  class=\"bb-description ult-responsive\" style=\"font-weight:normal;color:#ffffff;\">Bei ``Opera Property`` glauben wir, dass Kundenservice nicht nur Teil unseres Gesch\u00e4fts ist, sondern dass Service unsere Aufgabe ist.<\/div>\n\t<\/div><a class=\"bb-link\" href=\"\/de\/services\/after-you-bought-your-home-in-turkey\/\" title=\"After you bought your home in Turkey\" ><\/a>\n<\/div>[\/vc_column][vc_column width=&#8221;1\/3&#8243;]\n<div id=\"interactive-banner-1-wrap-3206\" class=\"ult-banner-block ult-adjust-bottom-margin ult-bb-box ult-banner-block-custom-height banner-style01 \"   style=\"height:240px;\">\n\t<img src=\"https:\/\/operaproperty.com\/wp-content\/uploads\/2020\/12\/mobler.jpg\" alt=\"null\">\n\t<h2  data-ultimate-target='#interactive-banner-1-wrap-3206 .bb-top-title '  data-responsive-json-new='{\"font-size\":\"\",\"line-height\":\"\"}'  class=\"title-left bb-top-title ult-responsive\" style=\"font-weight:normal;background:#242424;color:#ffffff;\">M\u00f6bel und Interieur<\/h2>\n\t<div class=\"mask opaque-background\" style=\"background:#dd9933;\">\n\t\t<div  data-ultimate-target='#interactive-banner-1-wrap-3206 .bb-description'  data-responsive-json-new='{\"font-size\":\"\",\"line-height\":\"\"}'  class=\"bb-description ult-responsive\" style=\"font-weight:normal;color:#ffffff;\">``Opera Property`` hilft beim Kauf von M\u00f6beln und Einrichtungsgegenst\u00e4nden. Unser After-Sale-Team bringt Sie zu ausgew\u00e4hlten Gesch\u00e4ften, die ohne zus\u00e4tzliche Kosten gute Qualit\u00e4t und Service bieten.<\/div>\n\t<\/div><a class=\"bb-link\" href=\"\/de\/services\/furniture-and-interior\/\" title=\"Furniture and Interior\" ><\/a>\n<\/div>[\/vc_column][\/vc_row][vc_row][vc_column][vc_empty_space][\/vc_column][\/vc_row]<\/p>","protected":false},"excerpt":{"rendered":"<p>[vc_row full_width=&#8221;stretch_row&#8221; css=&#8221;.vc_custom_1579420767104{margin-bottom: 24px !important;}&#8221;][vc_column][vc_column_text] In \u00dcbereinstimmung mit unserer Qualit\u00e4tspolitik, die sich aus unserer Mission, Vision und unseren Grundwerten zusammensetzt, glauben wir auch an die enorme Bedeutung der Kundenzufriedenheit, die durch unsere Produkte und Dienstleistungen geschaffen wird. Um Ihnen den bestm\u00f6glichen Service zu bieten, haben wir von &#8220;Opera Property&#8221; unser Engagement f\u00fcr die Kundenzufriedenheit durch [&hellip;]<\/p>\n","protected":false},"author":1,"featured_media":0,"parent":0,"menu_order":0,"comment_status":"closed","ping_status":"closed","template":"page_full-width-with-top-title.php","meta":[],"_links":{"self":[{"href":"https:\/\/operaproperty.com\/de\/wp-json\/wp\/v2\/pages\/2708"}],"collection":[{"href":"https:\/\/operaproperty.com\/de\/wp-json\/wp\/v2\/pages"}],"about":[{"href":"https:\/\/operaproperty.com\/de\/wp-json\/wp\/v2\/types\/page"}],"author":[{"embeddable":true,"href":"https:\/\/operaproperty.com\/de\/wp-json\/wp\/v2\/users\/1"}],"replies":[{"embeddable":true,"href":"https:\/\/operaproperty.com\/de\/wp-json\/wp\/v2\/comments?post=2708"}],"version-history":[{"count":4,"href":"https:\/\/operaproperty.com\/de\/wp-json\/wp\/v2\/pages\/2708\/revisions"}],"predecessor-version":[{"id":3666,"href":"https:\/\/operaproperty.com\/de\/wp-json\/wp\/v2\/pages\/2708\/revisions\/3666"}],"wp:attachment":[{"href":"https:\/\/operaproperty.com\/de\/wp-json\/wp\/v2\/media?parent=2708"}],"curies":[{"name":"wp","href":"https:\/\/api.w.org\/{rel}","templated":true}]}}