{"id":20180,"date":"2021-04-24T11:52:02","date_gmt":"2021-04-24T11:52:02","guid":{"rendered":"https:\/\/operaproperty.com\/?page_id=20180"},"modified":"2022-01-18T09:57:33","modified_gmt":"2022-01-18T09:57:33","slug":"consulting","status":"publish","type":"page","link":"https:\/\/operaproperty.com\/de\/consulting\/","title":{"rendered":"Beratung"},"content":{"rendered":"<p><\/p>\n<blockquote><p><em>In Partnerschaft mit unseren Kunden werden wir profitable Immobilienprojekte zum Leben erwecken<\/em><\/p><\/blockquote>\n<p>Umfangreiche Erfahrung auf dem t\u00fcrkischen Markt, Kenntnis der Geschichte des Immobilienmarktes und regelm\u00e4\u00dfige \u00dcberwachung des Marktes erm\u00f6glichen es Opera Property, einzigartige Immobilienprojekte in Alanya durchzuf\u00fchren. Es ist ganz einfach: Wir entwickeln eine Strategie, besprechen das Budget und den Zeitplan f\u00fcr die Umsetzung Ihres Projekts.<\/p>\n<p>Die Liste der von den Beratern des Unternehmens erbrachten Dienstleistungen umfasst:<\/p>\n<ul>\n<li>Analyse der Parzellen in Alanya<\/li>\n<li>Marktanalyse<\/li>\n<li>Analyse der besten Nutzung der Website<\/li>\n<li>Konzeptentwicklung &#8220;von Grund auf neu&#8221;<\/li>\n<li>Empfehlungen f\u00fcr das Konzept und den Infrastrukturinhalt von Projekten<\/li>\n<li>Wettbewerbsanalyse<\/li>\n<li>Wirtschaftliche Analyse von Projekten<\/li>\n<li>Investitionsanalyse und Vorbereitung von Projekten, Entwicklung von Investitionsmemoranden<\/li>\n<\/ul>\n<p><\/p>","protected":false},"excerpt":{"rendered":"<p>In Partnerschaft mit unseren Kunden werden wir profitable Immobilienprojekte zum Leben erwecken Umfangreiche Erfahrung auf dem t\u00fcrkischen Markt, Kenntnis der Geschichte des Immobilienmarktes und regelm\u00e4\u00dfige \u00dcberwachung des Marktes erm\u00f6glichen es Opera Property, einzigartige Immobilienprojekte in Alanya durchzuf\u00fchren. Es ist ganz einfach: Wir entwickeln eine Strategie, besprechen das Budget und den Zeitplan f\u00fcr die Umsetzung Ihres [&hellip;]<\/p>\n","protected":false},"author":14,"featured_media":20184,"parent":0,"menu_order":0,"comment_status":"closed","ping_status":"closed","template":"","meta":[],"_links":{"self":[{"href":"https:\/\/operaproperty.com\/de\/wp-json\/wp\/v2\/pages\/20180"}],"collection":[{"href":"https:\/\/operaproperty.com\/de\/wp-json\/wp\/v2\/pages"}],"about":[{"href":"https:\/\/operaproperty.com\/de\/wp-json\/wp\/v2\/types\/page"}],"author":[{"embeddable":true,"href":"https:\/\/operaproperty.com\/de\/wp-json\/wp\/v2\/users\/14"}],"replies":[{"embeddable":true,"href":"https:\/\/operaproperty.com\/de\/wp-json\/wp\/v2\/comments?post=20180"}],"version-history":[{"count":5,"href":"https:\/\/operaproperty.com\/de\/wp-json\/wp\/v2\/pages\/20180\/revisions"}],"predecessor-version":[{"id":22582,"href":"https:\/\/operaproperty.com\/de\/wp-json\/wp\/v2\/pages\/20180\/revisions\/22582"}],"wp:featuredmedia":[{"embeddable":true,"href":"https:\/\/operaproperty.com\/de\/wp-json\/wp\/v2\/media\/20184"}],"wp:attachment":[{"href":"https:\/\/operaproperty.com\/de\/wp-json\/wp\/v2\/media?parent=20180"}],"curies":[{"name":"wp","href":"https:\/\/api.w.org\/{rel}","templated":true}]}}