{"id":1365,"date":"2017-03-03T09:04:57","date_gmt":"2017-03-03T09:04:57","guid":{"rendered":"http:\/\/localhost\/newhome\/?page_id=1365"},"modified":"2021-04-24T15:48:31","modified_gmt":"2021-04-24T15:48:31","slug":"furniture-and-interior","status":"publish","type":"page","link":"https:\/\/operaproperty.com\/de\/services\/furniture-and-interior\/","title":{"rendered":"Kundendienst"},"content":{"rendered":"<p>[vc_row][vc_column width=&#8221;1\/3&#8243;][\/vc_column][vc_column width=&#8221;2\/3&#8243;][vc_column_text]<em><strong>Nun, Sie sind Eigent\u00fcmer von Immobilien in Alanya geworden.<\/strong><\/em><br \/>\n<em><strong>Jetzt besch\u00e4ftigen Sie sich damit, wie Sie Ihr Haus \/ Ihre Wohnung im Mittelmeerraum gem\u00fctlich und komfortabel gestalten k\u00f6nnen.<\/strong><\/em>[\/vc_column_text][\/vc_column][\/vc_row][vc_row][vc_column][vc_column_text]Nach dem Erwerb von Immobilien in Alanya ergeben sich neue Aufgaben: Beschaffung von Abonnentenrechnungen f\u00fcr Wasser und Strom, Ausstattung mit M\u00f6beln und Haushaltsger\u00e4ten sowie andere h\u00e4ufig auftretende Haushaltsprobleme, die ein Ausl\u00e4nder nicht unabh\u00e4ngig und effektiv l\u00f6sen kann. Hier wird fachliche Hilfe ben\u00f6tigt!<br \/>\nDie Kundendienstabteilung des Unternehmens hilft Ihnen gerne bei allen Aufgaben:<br \/>\n\u2022 Transport von Gegenst\u00e4nden<br \/>\n\u2022 Abschluss von Abonnementvertr\u00e4gen f\u00fcr die Bereitstellung von Wasserversorgungs-, Energieversorgungs-, Kabel- und Mobiltelefondiensten<br \/>\n\u2022 Reinigung<br \/>\n\u2022 Designer-Renovierung<br \/>\n\u2022 Kauf von M\u00f6beln, Haushaltsger\u00e4ten<br \/>\nWir respektieren die W\u00fcnsche unserer Kunden und sorgen stets daf\u00fcr, dass alles qualitativ hochwertig, fehlerfrei und p\u00fcnktlich erledigt wird.[\/vc_column_text][\/vc_column][\/vc_row]<\/p>","protected":false},"excerpt":{"rendered":"<p>[vc_row][vc_column width=&#8221;1\/3&#8243;][\/vc_column][vc_column width=&#8221;2\/3&#8243;][vc_column_text]Nun, Sie sind Eigent\u00fcmer von Immobilien in Alanya geworden. Jetzt besch\u00e4ftigen Sie sich damit, wie Sie Ihr Haus \/ Ihre Wohnung im Mittelmeerraum gem\u00fctlich und komfortabel gestalten k\u00f6nnen.[\/vc_column_text][\/vc_column][\/vc_row][vc_row][vc_column][vc_column_text]Nach dem Erwerb von Immobilien in Alanya ergeben sich neue Aufgaben: Beschaffung von Abonnentenrechnungen f\u00fcr Wasser und Strom, Ausstattung mit M\u00f6beln und Haushaltsger\u00e4ten sowie andere h\u00e4ufig [&hellip;]<\/p>\n","protected":false},"author":1,"featured_media":0,"parent":2708,"menu_order":0,"comment_status":"closed","ping_status":"closed","template":"page_right-sidebar-with-top-title.php","meta":[],"_links":{"self":[{"href":"https:\/\/operaproperty.com\/de\/wp-json\/wp\/v2\/pages\/1365"}],"collection":[{"href":"https:\/\/operaproperty.com\/de\/wp-json\/wp\/v2\/pages"}],"about":[{"href":"https:\/\/operaproperty.com\/de\/wp-json\/wp\/v2\/types\/page"}],"author":[{"embeddable":true,"href":"https:\/\/operaproperty.com\/de\/wp-json\/wp\/v2\/users\/1"}],"replies":[{"embeddable":true,"href":"https:\/\/operaproperty.com\/de\/wp-json\/wp\/v2\/comments?post=1365"}],"version-history":[{"count":4,"href":"https:\/\/operaproperty.com\/de\/wp-json\/wp\/v2\/pages\/1365\/revisions"}],"predecessor-version":[{"id":20190,"href":"https:\/\/operaproperty.com\/de\/wp-json\/wp\/v2\/pages\/1365\/revisions\/20190"}],"up":[{"embeddable":true,"href":"https:\/\/operaproperty.com\/de\/wp-json\/wp\/v2\/pages\/2708"}],"wp:attachment":[{"href":"https:\/\/operaproperty.com\/de\/wp-json\/wp\/v2\/media?parent=1365"}],"curies":[{"name":"wp","href":"https:\/\/api.w.org\/{rel}","templated":true}]}}