{"id":2710,"date":"2018-06-16T12:58:17","date_gmt":"2018-06-16T12:58:17","guid":{"rendered":"https:\/\/myhometheme.net\/market\/?page_id=2710"},"modified":"2021-04-27T17:56:21","modified_gmt":"2021-04-27T17:56:21","slug":"after-you-bought-your-home-in-turkey","status":"publish","type":"page","link":"https:\/\/operaproperty.com\/da\/services\/after-you-bought-your-home-in-turkey\/","title":{"rendered":"Ejendomsadministration"},"content":{"rendered":"<p>[vc_row][vc_column width=&#8221;1\/3&#8243;][vc_single_image image=&#8221;3340&#8243; img_size=&#8221;large&#8221; onclick=&#8221;link_image&#8221;][\/vc_column][vc_column width=&#8221;2\/3&#8243;][vc_column_text]At v\u00e6lge en kompetent administrator af din ejendom i Tyrkiet er en vigtig faktor, der p\u00e5virker den yderligere tilstand i dit hus \/ lejlighed.<\/p>\n<p>Hver ejendomsejer forventer et h\u00f8jt niveau af ansvar, ansvarlighed og kendskab til virksomheden fra lederen.[\/vc_column_text][\/vc_column][\/vc_row][vc_row][vc_column][vc_column_text]At v\u00e6lge en kompetent leder af din ejendom i Tyrkiet er en vigtig faktor, der p\u00e5virker den yderligere tilstand i dit hus \/ lejlighed.<\/p>\n<p>Enhver ejendomsejer forventer et h\u00f8jt niveau af ansvar, ansvarlighed og kendskab til virksomheden fra lederen.<\/p>\n<p>Opera-ejendommen tilbyder sine kunder individuel ejendomsadministration i Alanya med det form\u00e5l at faciliteten fungerer fremragende, reducerer omkostningerne ved vedligeholdelse og \u00f8ger fortjenesten ved brugen.<\/p>\n<p>Ejendomsadministrationsservicepakken inkluderer (justeringer er tilladt):<\/p>\n<ul>\n<li>m\u00e5nedlig overv\u00e5gning af tilstanden p\u00e5 din ejendom<\/li>\n<li>betaling af l\u00f8bende betalinger for elektricitet, vand, telefon,<\/li>\n<li>forsyningsselskaber<\/li>\n<li>betaling af \u00e5rlig ejendomsskat<\/li>\n<li>organisering af overf\u00f8rsel<\/li>\n<li>organisering af reng\u00f8ring af din ejendom<\/li>\n<li>hj\u00e6lp til arbejde i forbindelse med reparationer, fejlfinding osv.<\/li>\n<li>leje af din ejendom<\/li>\n<\/ul>\n<p>&nbsp;<\/p>\n<blockquote><p>N\u00e5r du k\u00f8ber fast ejendom med Opera-ejendom, er de f\u00f8rste 6 m\u00e5neders ledelse af det erhvervede objekt gratis !!!!<\/p><\/blockquote>\n<p>[\/vc_column_text][\/vc_column][\/vc_row]<\/p>","protected":false},"excerpt":{"rendered":"<p>[vc_row][vc_column width=&#8221;1\/3&#8243;][vc_single_image image=&#8221;3340&#8243; img_size=&#8221;large&#8221; onclick=&#8221;link_image&#8221;][\/vc_column][vc_column width=&#8221;2\/3&#8243;][vc_column_text]At v\u00e6lge en kompetent administrator af din ejendom i Tyrkiet er en vigtig faktor, der p\u00e5virker den yderligere tilstand i dit hus \/ lejlighed. Hver ejendomsejer forventer et h\u00f8jt niveau af ansvar, ansvarlighed og kendskab til virksomheden fra lederen.[\/vc_column_text][\/vc_column][\/vc_row][vc_row][vc_column][vc_column_text]At v\u00e6lge en kompetent leder af din ejendom i Tyrkiet er en [&hellip;]<\/p>\n","protected":false},"author":1,"featured_media":0,"parent":2708,"menu_order":0,"comment_status":"closed","ping_status":"closed","template":"page_right-sidebar-with-top-title.php","meta":[],"_links":{"self":[{"href":"https:\/\/operaproperty.com\/da\/wp-json\/wp\/v2\/pages\/2710"}],"collection":[{"href":"https:\/\/operaproperty.com\/da\/wp-json\/wp\/v2\/pages"}],"about":[{"href":"https:\/\/operaproperty.com\/da\/wp-json\/wp\/v2\/types\/page"}],"author":[{"embeddable":true,"href":"https:\/\/operaproperty.com\/da\/wp-json\/wp\/v2\/users\/1"}],"replies":[{"embeddable":true,"href":"https:\/\/operaproperty.com\/da\/wp-json\/wp\/v2\/comments?post=2710"}],"version-history":[{"count":4,"href":"https:\/\/operaproperty.com\/da\/wp-json\/wp\/v2\/pages\/2710\/revisions"}],"predecessor-version":[{"id":20243,"href":"https:\/\/operaproperty.com\/da\/wp-json\/wp\/v2\/pages\/2710\/revisions\/20243"}],"up":[{"embeddable":true,"href":"https:\/\/operaproperty.com\/da\/wp-json\/wp\/v2\/pages\/2708"}],"wp:attachment":[{"href":"https:\/\/operaproperty.com\/da\/wp-json\/wp\/v2\/media?parent=2710"}],"curies":[{"name":"wp","href":"https:\/\/api.w.org\/{rel}","templated":true}]}}