{"id":2708,"date":"2018-06-16T12:55:31","date_gmt":"2018-06-16T12:55:31","guid":{"rendered":"https:\/\/myhometheme.net\/market\/?page_id=2708"},"modified":"2021-01-06T12:18:13","modified_gmt":"2021-01-06T12:18:13","slug":"services","status":"publish","type":"page","link":"https:\/\/operaproperty.com\/da\/services\/","title":{"rendered":"Tjenester"},"content":{"rendered":"<p>[vc_row full_width=&#8221;stretch_row&#8221; css=&#8221;.vc_custom_1579420767104{margin-bottom: 24px !important;}&#8221;][vc_column][vc_column_text]<\/p>\n<h5>I tr\u00e5d med vores h\u00f8jkvalitetspolitik, der er dannet gennem vores mission, vision og kernev\u00e6rdier, tror vi ogs\u00e5 p\u00e5 den enorme betydning af kundetilfredshed skabt af vores produkter og tjenester.<\/h5>\n<p>For at give dig den bedst mulige service har vi i &#8220;<strong>Opera Property<\/strong>&#8221; styrket vores engagement i kundetilfredshed gennem overordnede strategier og bestr\u00e6belser p\u00e5 at forbedre kundeforholdsprocesser.[\/vc_column_text]<div class=\"mh-heading-wrapper--left \">\r\n\t\r\n        <div class=\"mh-heading-wrapper\">\r\n            <h4            class=\"mh-heading  mh-heading--bottom-separator   \"\r\n            style=\"font-weight:700;\">\r\n\t\t\tVores service til dig!        <\/h4>\r\n\r\n\t\t    <\/div>\r\n\r\n\t<\/div>[vc_column_text]Vi tilbyder en s\u00e6rlig type service.<br \/>\nHos os er du i sikre h\u00e6nder. Nyd din dyrebare tid. Uanset hvad du har brug for, vil vi v\u00e6re der for dig.[\/vc_column_text][\/vc_column][\/vc_row][vc_row][vc_column width=&#8221;1\/3&#8243;]\n<div id=\"interactive-banner-1-wrap-7980\" class=\"ult-banner-block ult-adjust-bottom-margin ult-bb-box ult-banner-block-custom-height banner-style01 \"   style=\"height:240px;\">\n\t<img src=\"https:\/\/operaproperty.com\/wp-content\/uploads\/2020\/12\/tapu.jpg\" alt=\"null\">\n\t<h2  data-ultimate-target='#interactive-banner-1-wrap-7980 .bb-top-title '  data-responsive-json-new='{\"font-size\":\"\",\"line-height\":\"\"}'  class=\"title-left bb-top-title ult-responsive\" style=\"font-weight:normal;background:#242424;color:#ffffff;\">Tapu (Sk\u00f8de)<\/h2>\n\t<div class=\"mask opaque-background\" style=\"background:#dd9933;\">\n\t\t<div  data-ultimate-target='#interactive-banner-1-wrap-7980 .bb-description'  data-responsive-json-new='{\"font-size\":\"\",\"line-height\":\"\"}'  class=\"bb-description ult-responsive\" style=\"font-weight:normal;color:#ffffff;\">Juridisk registrering eller Tapu som det kaldes p\u00e5 tyrkisk er en officiel registrering af en erhvervelse af fast ejendom, og det er det eneste bevis for, at du er ejer af den ejendom, du k\u00f8ber.<\/div>\n\t<\/div><a class=\"bb-link\" href=\"\/da\/services\/tapu-title-deed\/\" title=\"Tapu (Title deed)\" ><\/a>\n<\/div>[\/vc_column][vc_column width=&#8221;1\/3&#8243;]\n<div id=\"interactive-banner-1-wrap-8397\" class=\"ult-banner-block ult-adjust-bottom-margin ult-bb-box ult-banner-block-custom-height banner-style01 \"   style=\"height:240px;\">\n\t<img src=\"https:\/\/operaproperty.com\/wp-content\/uploads\/2020\/12\/service_after_sale.jpg\" alt=\"null\">\n\t<h2  data-ultimate-target='#interactive-banner-1-wrap-8397 .bb-top-title '  data-responsive-json-new='{\"font-size\":\"\",\"line-height\":\"\"}'  class=\"title-left bb-top-title ult-responsive\" style=\"font-weight:normal;background:#242424;color:#ffffff;\">Efter at du har k\u00f8bt dit hjem i Tyrkiet<\/h2>\n\t<div class=\"mask opaque-background\" style=\"background:#dd9933;\">\n\t\t<div  data-ultimate-target='#interactive-banner-1-wrap-8397 .bb-description'  data-responsive-json-new='{\"font-size\":\"\",\"line-height\":\"\"}'  class=\"bb-description ult-responsive\" style=\"font-weight:normal;color:#ffffff;\">Hos ``Opera Property`` mener vi, at kundeservice ikke kun er en del af vores forretning, men service er vores job.<\/div>\n\t<\/div><a class=\"bb-link\" href=\"\/da\/services\/after-you-bought-your-home-in-turkey\/\" title=\"After you bought your home in Turkey\" ><\/a>\n<\/div>[\/vc_column][vc_column width=&#8221;1\/3&#8243;]\n<div id=\"interactive-banner-1-wrap-3098\" class=\"ult-banner-block ult-adjust-bottom-margin ult-bb-box ult-banner-block-custom-height banner-style01 \"   style=\"height:240px;\">\n\t<img src=\"https:\/\/operaproperty.com\/wp-content\/uploads\/2020\/12\/mobler.jpg\" alt=\"null\">\n\t<h2  data-ultimate-target='#interactive-banner-1-wrap-3098 .bb-top-title '  data-responsive-json-new='{\"font-size\":\"\",\"line-height\":\"\"}'  class=\"title-left bb-top-title ult-responsive\" style=\"font-weight:normal;background:#242424;color:#ffffff;\">M\u00f8bler og interi\u00f8r<\/h2>\n\t<div class=\"mask opaque-background\" style=\"background:#dd9933;\">\n\t\t<div  data-ultimate-target='#interactive-banner-1-wrap-3098 .bb-description'  data-responsive-json-new='{\"font-size\":\"\",\"line-height\":\"\"}'  class=\"bb-description ult-responsive\" style=\"font-weight:normal;color:#ffffff;\">``Opera Property`` hj\u00e6lper med k\u00f8b af m\u00f8bler og boligm\u00f8bler. Vores eftersalgsteam f\u00f8rer dig til udvalgte butikker, der tilbyder god kvalitet og service uden ekstra omkostninger.<\/div>\n\t<\/div><a class=\"bb-link\" href=\"\/da\/services\/furniture-and-interior\/\" title=\"Furniture and Interior\" ><\/a>\n<\/div>[\/vc_column][\/vc_row][vc_row][vc_column][vc_empty_space][\/vc_column][\/vc_row]<\/p>","protected":false},"excerpt":{"rendered":"<p>[vc_row full_width=&#8221;stretch_row&#8221; css=&#8221;.vc_custom_1579420767104{margin-bottom: 24px !important;}&#8221;][vc_column][vc_column_text] I tr\u00e5d med vores h\u00f8jkvalitetspolitik, der er dannet gennem vores mission, vision og kernev\u00e6rdier, tror vi ogs\u00e5 p\u00e5 den enorme betydning af kundetilfredshed skabt af vores produkter og tjenester. For at give dig den bedst mulige service har vi i &#8220;Opera Property&#8221; styrket vores engagement i kundetilfredshed gennem overordnede strategier [&hellip;]<\/p>\n","protected":false},"author":1,"featured_media":0,"parent":0,"menu_order":0,"comment_status":"closed","ping_status":"closed","template":"page_full-width-with-top-title.php","meta":[],"_links":{"self":[{"href":"https:\/\/operaproperty.com\/da\/wp-json\/wp\/v2\/pages\/2708"}],"collection":[{"href":"https:\/\/operaproperty.com\/da\/wp-json\/wp\/v2\/pages"}],"about":[{"href":"https:\/\/operaproperty.com\/da\/wp-json\/wp\/v2\/types\/page"}],"author":[{"embeddable":true,"href":"https:\/\/operaproperty.com\/da\/wp-json\/wp\/v2\/users\/1"}],"replies":[{"embeddable":true,"href":"https:\/\/operaproperty.com\/da\/wp-json\/wp\/v2\/comments?post=2708"}],"version-history":[{"count":4,"href":"https:\/\/operaproperty.com\/da\/wp-json\/wp\/v2\/pages\/2708\/revisions"}],"predecessor-version":[{"id":3666,"href":"https:\/\/operaproperty.com\/da\/wp-json\/wp\/v2\/pages\/2708\/revisions\/3666"}],"wp:attachment":[{"href":"https:\/\/operaproperty.com\/da\/wp-json\/wp\/v2\/media?parent=2708"}],"curies":[{"name":"wp","href":"https:\/\/api.w.org\/{rel}","templated":true}]}}