{"id":2323,"date":"2017-10-06T17:38:13","date_gmt":"2017-10-06T17:38:13","guid":{"rendered":"https:\/\/myhometheme.net\/default\/?page_id=2323"},"modified":"2021-01-06T12:02:00","modified_gmt":"2021-01-06T12:02:00","slug":"tapu-title-deed","status":"publish","type":"page","link":"https:\/\/operaproperty.com\/da\/services\/tapu-title-deed\/","title":{"rendered":"Tapu (Sk\u00f8de)"},"content":{"rendered":"<p>[vc_row][vc_column width=&#8221;1\/3&#8243;][vc_single_image image=&#8221;3485&#8243; img_size=&#8221;medium&#8221; onclick=&#8221;link_image&#8221;][\/vc_column][vc_column width=&#8221;2\/3&#8243;]<div class=\"mh-heading-wrapper--left \">\r\n\t\r\n        <div class=\"mh-heading-wrapper\">\r\n            <h4            class=\"mh-heading  mh-heading--bottom-separator   \"\r\n            style=\"font-weight:700;\">\r\n\t\t\tTapu (Sk\u00f8de)        <\/h4>\r\n\r\n\t\t    <\/div>\r\n\r\n\t<\/div>[vc_column_text]Dokumentet, der bekr\u00e6fter ejerskabet af fast ejendom i Tyrkiet, hedder Tapu.<br \/>\nDette certifikat er udstedt af byens matrikkontor. Det faktum, at en enkeltperson eller en juridisk enhed ejer ejendomme, registreres i registerbogen.<\/p>\n<p>Pink tapu udstedes til fast ejendom, som er et bolig-, kommercielt objekt eller anden form for konstruktion.[\/vc_column_text][\/vc_column][\/vc_row][vc_row][vc_column][vc_column_text]Tapu indeholder f\u00f8lgende oplysninger:<\/p>\n<ul>\n<li>adresse og nummer p\u00e5 den grund, hvor fast ejendom ligger<\/li>\n<li>ejerens billede<\/li>\n<li>ejeroplysninger<\/li>\n<li>k\u00f8bsdato af ejeren<\/li>\n<li>oplysninger om registrering af en grund i matrikelkontoret<\/li>\n<li>type fast ejendom (grund, bygning osv.)<\/li>\n<li>ejendomsstatus (separat objekt, del af objektet, aktiebrug)<\/li>\n<li>serienummer og registreringsdata TAPU<\/li>\n<li>landareal (proportional med st\u00f8rrelsen p\u00e5 det erhvervede hus)<\/li>\n<li>v\u00e6rdien af den k\u00f8bte ejendom<\/li>\n<li>den bemyndigede persons underskrift og matrikelafdelingen osv.<\/li>\n<\/ul>\n<p>V\u00e6r opm\u00e6rksom:<br \/>\nBl\u00e5 tapu udstedes for fast ejendom, der repr\u00e6senterer jord, marker, haver og andre ubebyggede omr\u00e5der.[\/vc_column_text][\/vc_column][\/vc_row][vc_row][vc_column][vc_column_text]N\u00e5r du k\u00f8ber en lejlighed eller villa i Tyrkiet, skal k\u00f8beren kun have et udenlandsk pas for at udarbejde dokumenter til opn\u00e5else af et ejendomsbevis for fast ejendom (i Tyrkiet kaldes dette TAPU). pas. Alle andre dokumenter behandles lokalt i Tyrkiet.[\/vc_column_text][\/vc_column][\/vc_row]<\/p>","protected":false},"excerpt":{"rendered":"<p>[vc_row][vc_column width=&#8221;1\/3&#8243;][vc_single_image image=&#8221;3485&#8243; img_size=&#8221;medium&#8221; onclick=&#8221;link_image&#8221;][\/vc_column][vc_column width=&#8221;2\/3&#8243;][vc_column_text]Dokumentet, der bekr\u00e6fter ejerskabet af fast ejendom i Tyrkiet, hedder Tapu. Dette certifikat er udstedt af byens matrikkontor. Det faktum, at en enkeltperson eller en juridisk enhed ejer ejendomme, registreres i registerbogen. Pink tapu udstedes til fast ejendom, som er et bolig-, kommercielt objekt eller anden form for konstruktion.[\/vc_column_text][\/vc_column][\/vc_row][vc_row][vc_column][vc_column_text]Tapu indeholder [&hellip;]<\/p>\n","protected":false},"author":1,"featured_media":3485,"parent":2708,"menu_order":0,"comment_status":"closed","ping_status":"closed","template":"page_right-sidebar-with-top-title.php","meta":[],"_links":{"self":[{"href":"https:\/\/operaproperty.com\/da\/wp-json\/wp\/v2\/pages\/2323"}],"collection":[{"href":"https:\/\/operaproperty.com\/da\/wp-json\/wp\/v2\/pages"}],"about":[{"href":"https:\/\/operaproperty.com\/da\/wp-json\/wp\/v2\/types\/page"}],"author":[{"embeddable":true,"href":"https:\/\/operaproperty.com\/da\/wp-json\/wp\/v2\/users\/1"}],"replies":[{"embeddable":true,"href":"https:\/\/operaproperty.com\/da\/wp-json\/wp\/v2\/comments?post=2323"}],"version-history":[{"count":4,"href":"https:\/\/operaproperty.com\/da\/wp-json\/wp\/v2\/pages\/2323\/revisions"}],"predecessor-version":[{"id":3660,"href":"https:\/\/operaproperty.com\/da\/wp-json\/wp\/v2\/pages\/2323\/revisions\/3660"}],"up":[{"embeddable":true,"href":"https:\/\/operaproperty.com\/da\/wp-json\/wp\/v2\/pages\/2708"}],"wp:featuredmedia":[{"embeddable":true,"href":"https:\/\/operaproperty.com\/da\/wp-json\/wp\/v2\/media\/3485"}],"wp:attachment":[{"href":"https:\/\/operaproperty.com\/da\/wp-json\/wp\/v2\/media?parent=2323"}],"curies":[{"name":"wp","href":"https:\/\/api.w.org\/{rel}","templated":true}]}}