{"id":20180,"date":"2021-04-24T11:52:02","date_gmt":"2021-04-24T11:52:02","guid":{"rendered":"https:\/\/operaproperty.com\/?page_id=20180"},"modified":"2022-01-18T09:57:33","modified_gmt":"2022-01-18T09:57:33","slug":"consulting","status":"publish","type":"page","link":"https:\/\/operaproperty.com\/da\/consulting\/","title":{"rendered":"R\u00e5dgivning"},"content":{"rendered":"<p><\/p>\n<blockquote><p><em>Vi vil give rentable ejendomsprojekter liv i partnerskab med vores kunder<\/em><\/p><\/blockquote>\n<p>Omfattende erfaring p\u00e5 det tyrkiske marked, kendskab til ejendomsmarkedets historie, regelm\u00e6ssig overv\u00e5gning af markedet g\u00f8r det muligt for Opera ejendom at gennemf\u00f8re unikke ejendomsprojekter i Alanya. Det er simpelt: vi udvikler en strategi, diskuterer budgettet og planen for gennemf\u00f8relsen af \u200b\u200bdit projekt.<\/p>\n<p>Listen over tjenester leveret af virksomhedens konsulenter inkluderer:<\/p>\n<ul>\n<li>Analyse af grunde i Alanya<\/li>\n<li>Markedsanalyse<\/li>\n<li>Analyse af den bedste brug af webstedet<\/li>\n<li>Konceptudvikling &#8220;fra bunden&#8221;<\/li>\n<li>Anbefalinger til koncept og infrastrukturindhold i projekter<\/li>\n<li>Konkurrentanalyse<\/li>\n<li>\u00d8konomisk analyse af projekter<\/li>\n<li>Investeringsanalyse og forberedelse af projekter, udvikling af investeringsnotater<\/li>\n<\/ul>\n<p><\/p>","protected":false},"excerpt":{"rendered":"<p>Vi vil give rentable ejendomsprojekter liv i partnerskab med vores kunder Omfattende erfaring p\u00e5 det tyrkiske marked, kendskab til ejendomsmarkedets historie, regelm\u00e6ssig overv\u00e5gning af markedet g\u00f8r det muligt for Opera ejendom at gennemf\u00f8re unikke ejendomsprojekter i Alanya. Det er simpelt: vi udvikler en strategi, diskuterer budgettet og planen for gennemf\u00f8relsen af \u200b\u200bdit projekt. Listen over [&hellip;]<\/p>\n","protected":false},"author":14,"featured_media":20184,"parent":0,"menu_order":0,"comment_status":"closed","ping_status":"closed","template":"","meta":[],"_links":{"self":[{"href":"https:\/\/operaproperty.com\/da\/wp-json\/wp\/v2\/pages\/20180"}],"collection":[{"href":"https:\/\/operaproperty.com\/da\/wp-json\/wp\/v2\/pages"}],"about":[{"href":"https:\/\/operaproperty.com\/da\/wp-json\/wp\/v2\/types\/page"}],"author":[{"embeddable":true,"href":"https:\/\/operaproperty.com\/da\/wp-json\/wp\/v2\/users\/14"}],"replies":[{"embeddable":true,"href":"https:\/\/operaproperty.com\/da\/wp-json\/wp\/v2\/comments?post=20180"}],"version-history":[{"count":5,"href":"https:\/\/operaproperty.com\/da\/wp-json\/wp\/v2\/pages\/20180\/revisions"}],"predecessor-version":[{"id":22582,"href":"https:\/\/operaproperty.com\/da\/wp-json\/wp\/v2\/pages\/20180\/revisions\/22582"}],"wp:featuredmedia":[{"embeddable":true,"href":"https:\/\/operaproperty.com\/da\/wp-json\/wp\/v2\/media\/20184"}],"wp:attachment":[{"href":"https:\/\/operaproperty.com\/da\/wp-json\/wp\/v2\/media?parent=20180"}],"curies":[{"name":"wp","href":"https:\/\/api.w.org\/{rel}","templated":true}]}}