{"id":1365,"date":"2017-03-03T09:04:57","date_gmt":"2017-03-03T09:04:57","guid":{"rendered":"http:\/\/localhost\/newhome\/?page_id=1365"},"modified":"2021-04-24T15:48:31","modified_gmt":"2021-04-24T15:48:31","slug":"furniture-and-interior","status":"publish","type":"page","link":"https:\/\/operaproperty.com\/da\/services\/furniture-and-interior\/","title":{"rendered":"Eftersalgsservice"},"content":{"rendered":"<p>[vc_row][vc_column width=&#8221;1\/3&#8243;][\/vc_column][vc_column width=&#8221;2\/3&#8243;][vc_column_text]<em><strong>N\u00e5, du er blevet ejer af fast ejendom i Alanya.<\/strong><\/em><br \/>\n<em><strong>Nu er dine tanker optaget af, hvordan man arrangerer, hvordan man giver hygge og komfort til dit hus \/ lejlighed i Middelhavet.<\/strong><\/em><\/p>\n<p>[\/vc_column_text][\/vc_column][\/vc_row][vc_row][vc_column][vc_column_text]Efter erhvervelsen af \u200b\u200bfast ejendom i Alanya opst\u00e5r der nye opgaver: at f\u00e5 abonnementsregninger for vand og elektricitet, m\u00f8bler og husholdningsapparater og andre almindelige husstandsproblemer, som en udl\u00e6nding ikke kan l\u00f8se uafh\u00e6ngigt og effektivt. Her er der brug for specialhj\u00e6lp!<\/p>\n<p>Virksomhedens kundeserviceafdeling hj\u00e6lper dig gerne med enhver opgave:<\/p>\n<ul>\n<li>Transport af ejendele<\/li>\n<li>Indg\u00e5else af abonnementsaftaler for levering af vandforsyning, energiforsyning, tr\u00e5d- og mobiltelefontjenester<\/li>\n<li>Reng\u00f8ring<\/li>\n<li>Designerrenovering<\/li>\n<li>K\u00f8b af m\u00f8bler, husholdningsapparater<\/li>\n<\/ul>\n<p>Vi respekterer vores kunders \u00f8nsker og s\u00f8rger altid for, at alt sker med h\u00f8j kvalitet, fejlfri og til tiden.[\/vc_column_text][\/vc_column][\/vc_row]<\/p>","protected":false},"excerpt":{"rendered":"<p>[vc_row][vc_column width=&#8221;1\/3&#8243;][\/vc_column][vc_column width=&#8221;2\/3&#8243;][vc_column_text]N\u00e5, du er blevet ejer af fast ejendom i Alanya. Nu er dine tanker optaget af, hvordan man arrangerer, hvordan man giver hygge og komfort til dit hus \/ lejlighed i Middelhavet. [\/vc_column_text][\/vc_column][\/vc_row][vc_row][vc_column][vc_column_text]Efter erhvervelsen af \u200b\u200bfast ejendom i Alanya opst\u00e5r der nye opgaver: at f\u00e5 abonnementsregninger for vand og elektricitet, m\u00f8bler og husholdningsapparater [&hellip;]<\/p>\n","protected":false},"author":1,"featured_media":0,"parent":2708,"menu_order":0,"comment_status":"closed","ping_status":"closed","template":"page_right-sidebar-with-top-title.php","meta":[],"_links":{"self":[{"href":"https:\/\/operaproperty.com\/da\/wp-json\/wp\/v2\/pages\/1365"}],"collection":[{"href":"https:\/\/operaproperty.com\/da\/wp-json\/wp\/v2\/pages"}],"about":[{"href":"https:\/\/operaproperty.com\/da\/wp-json\/wp\/v2\/types\/page"}],"author":[{"embeddable":true,"href":"https:\/\/operaproperty.com\/da\/wp-json\/wp\/v2\/users\/1"}],"replies":[{"embeddable":true,"href":"https:\/\/operaproperty.com\/da\/wp-json\/wp\/v2\/comments?post=1365"}],"version-history":[{"count":4,"href":"https:\/\/operaproperty.com\/da\/wp-json\/wp\/v2\/pages\/1365\/revisions"}],"predecessor-version":[{"id":20190,"href":"https:\/\/operaproperty.com\/da\/wp-json\/wp\/v2\/pages\/1365\/revisions\/20190"}],"up":[{"embeddable":true,"href":"https:\/\/operaproperty.com\/da\/wp-json\/wp\/v2\/pages\/2708"}],"wp:attachment":[{"href":"https:\/\/operaproperty.com\/da\/wp-json\/wp\/v2\/media?parent=1365"}],"curies":[{"name":"wp","href":"https:\/\/api.w.org\/{rel}","templated":true}]}}